{"id":26,"date":"2023-07-20T08:03:53","date_gmt":"2023-07-20T08:03:53","guid":{"rendered":"http:\/\/source.wpopal.com\/bexper\/?page_id=26"},"modified":"2026-02-27T19:31:55","modified_gmt":"2026-02-27T19:31:55","slug":"sobre-nosotros-buggy-merzouga","status":"publish","type":"page","link":"https:\/\/wildsaharamerzouga.com\/en\/sobre-nosotros-buggy-merzouga\/","title":{"rendered":"About Us"},"content":{"rendered":"\t\t<div data-elementor-type=\"wp-page\" data-elementor-id=\"26\" class=\"elementor elementor-26\">\n\t\t\t\t<div class=\"elementor-element elementor-element-d4d9ad2 e-flex e-con-boxed e-con e-parent\" data-id=\"d4d9ad2\" data-element_type=\"container\" data-e-type=\"container\" data-settings=\"{&quot;background_background&quot;:&quot;classic&quot;}\">\n\t\t\t\t\t<div class=\"e-con-inner\">\n\t\t<div class=\"elementor-element elementor-element-575893b e-con-full e-flex e-con e-child\" data-id=\"575893b\" data-element_type=\"container\" data-e-type=\"container\">\n\t\t\t\t<div class=\"elementor-element elementor-element-94a5cf6 subtitle-position-above elementor-widget__width-initial elementor-mobile-align-left elementor-widget elementor-widget-bexper-heading\" data-id=\"94a5cf6\" data-element_type=\"widget\" data-e-type=\"widget\" data-widget_type=\"bexper-heading.default\">\n\t\t\t\t<div class=\"elementor-widget-container\">\n\t\t\t\t\t<div class=\"elementor-heading-wrapper-inner\"><h1 class=\"elementor-heading-title elementor-size-default\">Expertos en rutas en buggy en Merzouga<\/h1><div class=\"elementor-sub-title\">Sobre Nosotros<\/div><\/div>\t\t\t\t<\/div>\n\t\t\t\t<\/div>\n\t\t\t\t<div class=\"elementor-element elementor-element-c430b30 elementor-widget elementor-widget-heading\" data-id=\"c430b30\" data-element_type=\"widget\" data-e-type=\"widget\" data-widget_type=\"heading.default\">\n\t\t\t\t\t<h3 class=\"elementor-heading-title elementor-size-default\">De Espa\u00f1a a Merzouga<\/h3>\t\t\t\t<\/div>\n\t\t\t\t<div class=\"elementor-element elementor-element-7898cfe elementor-widget__width-initial elementor-widget elementor-widget-text-editor\" data-id=\"7898cfe\" data-element_type=\"widget\" data-e-type=\"widget\" data-widget_type=\"text-editor.default\">\n\t\t\t\t\t\t\t\t\t<p data-start=\"822\" data-end=\"1110\">Rutas en buggy en Merzouga son la esencia de Wild Sahara. Organizamos experiencias \u00fanicas por el desierto del Sahara adaptadas a todos los niveles. Desde recorridos suaves por las dunas hasta aventuras m\u00e1s intensas, cada ruta est\u00e1 dise\u00f1ada para combinar emoci\u00f3n, seguridad y autenticidad.<br \/>Gracias a nuestra experiencia como empresa espa\u00f1ola en Marruecos, ofrecemos un servicio profesional, cercano y completamente orientado al viajero. Cuidamos cada detalle para que la aventura sea tan segura como inolvidable.<\/p>\t\t\t\t\t\t\t\t<\/div>\n\t\t\t\t<div class=\"elementor-element elementor-element-f67c324 elementor-widget elementor-widget-heading\" data-id=\"f67c324\" data-element_type=\"widget\" data-e-type=\"widget\" data-widget_type=\"heading.default\">\n\t\t\t\t\t<h3 class=\"elementor-heading-title elementor-size-default\">Nuestra experiencia organizando rutas en buggy en Merzouga<\/h3>\t\t\t\t<\/div>\n\t\t\t\t<div class=\"elementor-element elementor-element-256121a elementor-widget elementor-widget-text-editor\" data-id=\"256121a\" data-element_type=\"widget\" data-e-type=\"widget\" data-widget_type=\"text-editor.default\">\n\t\t\t\t\t\t\t\t\t<p data-pm-slice=\"1 1 []\">Wild Sahara nace de la pasi\u00f3n de un equipo espa\u00f1ol por la aventura y el desierto. Durante a\u00f1os so\u00f1amos con crear un proyecto propio en Marruecos. Finalmente, dimos el paso y comenzamos esta nueva etapa en Merzouga, uno de los destinos m\u00e1s impresionantes del Sahara.<br \/>Desde el principio, tuvimos un objetivo claro: ofrecer rutas en <a href=\"https:\/\/wildsaharamerzouga.com\/buggies-merzouga\/\">buggy<\/a> en Merzouga que fueran mucho m\u00e1s que una excursi\u00f3n. Por eso, trabajamos con gu\u00edas locales expertos que conocen cada rinc\u00f3n de las dunas. Adem\u00e1s, mantenemos nuestros veh\u00edculos en condiciones \u00f3ptimas para garantizar la m\u00e1xima seguridad.<\/p>\t\t\t\t\t\t\t\t<\/div>\n\t\t\t\t<div class=\"elementor-element elementor-element-a59dcfb elementor-widget elementor-widget-heading\" data-id=\"a59dcfb\" data-element_type=\"widget\" data-e-type=\"widget\" data-widget_type=\"heading.default\">\n\t\t\t\t\t<h3 class=\"elementor-heading-title elementor-size-default\">Aventura segura en el desierto del Sahara<\/h3>\t\t\t\t<\/div>\n\t\t\t\t<div class=\"elementor-element elementor-element-a2d6458 elementor-widget elementor-widget-text-editor\" data-id=\"a2d6458\" data-element_type=\"widget\" data-e-type=\"widget\" data-widget_type=\"text-editor.default\">\n\t\t\t\t\t\t\t\t\t<p data-pm-slice=\"1 1 []\">Cada recorrido atraviesa paisajes \u00fanicos del desierto del Sahara. Sin embargo, no solo buscamos adrenalina. Tambi\u00e9n queremos que cada visitante conecte con la naturaleza, el silencio y la inmensidad del entorno.<br \/>Asimismo, adaptamos nuestras rutas seg\u00fan el nivel de experiencia del cliente. <br \/>Tanto si es tu primera vez en un buggy como si ya has conducido antes, encontrar\u00e1s una experiencia a tu medida.<br \/>Somos una empresa joven, pero con una visi\u00f3n firme: compartir la magia del Sahara a trav\u00e9s de rutas en buggy en <a href=\"https:\/\/www.turismomarruecos.net\/destinos\/desierto-sahara\/merzouga\/\">Merzouga<\/a> que transmitan libertad, emoci\u00f3n y respeto por el entorno.<\/p>\t\t\t\t\t\t\t\t<\/div>\n\t\t\t\t<\/div>\n\t\t<div class=\"elementor-element elementor-element-baaa687 e-con-full e-flex e-con e-child\" data-id=\"baaa687\" data-element_type=\"container\" data-e-type=\"container\">\n\t\t<div class=\"elementor-element elementor-element-75d2a51 e-flex e-con-boxed e-con e-child\" data-id=\"75d2a51\" data-element_type=\"container\" data-e-type=\"container\">\n\t\t\t\t\t<div class=\"e-con-inner\">\n\t\t\t\t<div class=\"elementor-element elementor-element-8f5e42c elementor-widget elementor-widget-image\" data-id=\"8f5e42c\" data-element_type=\"widget\" data-e-type=\"widget\" data-widget_type=\"image.default\">\n\t\t\t\t\t\t\t\t\t\t\t\t\t\t\t<img fetchpriority=\"high\" decoding=\"async\" width=\"1440\" height=\"1080\" src=\"https:\/\/wildsaharamerzouga.com\/wp-content\/uploads\/2026\/02\/624922015_17849768025668088_5200100648761158922_n.jpg\" class=\"elementor-animation-float attachment-full size-full wp-image-7968\" alt=\"ruta en buggy por el desierto de Merzouga\" srcset=\"https:\/\/wildsaharamerzouga.com\/wp-content\/uploads\/2026\/02\/624922015_17849768025668088_5200100648761158922_n.jpg 1440w, https:\/\/wildsaharamerzouga.com\/wp-content\/uploads\/2026\/02\/624922015_17849768025668088_5200100648761158922_n-300x225.jpg 300w, https:\/\/wildsaharamerzouga.com\/wp-content\/uploads\/2026\/02\/624922015_17849768025668088_5200100648761158922_n-1024x768.jpg 1024w, https:\/\/wildsaharamerzouga.com\/wp-content\/uploads\/2026\/02\/624922015_17849768025668088_5200100648761158922_n-768x576.jpg 768w, https:\/\/wildsaharamerzouga.com\/wp-content\/uploads\/2026\/02\/624922015_17849768025668088_5200100648761158922_n-16x12.jpg 16w\" sizes=\"(max-width: 1440px) 100vw, 1440px\" \/>\t\t\t\t\t\t\t\t\t\t\t\t\t\t\t<\/div>\n\t\t\t\t<div class=\"elementor-element elementor-element-8a6c3cc elementor-widget elementor-widget-image\" data-id=\"8a6c3cc\" data-element_type=\"widget\" data-e-type=\"widget\" data-widget_type=\"image.default\">\n\t\t\t\t\t\t\t\t\t\t\t\t\t\t\t<img decoding=\"async\" width=\"1128\" height=\"1619\" src=\"https:\/\/wildsaharamerzouga.com\/wp-content\/uploads\/2026\/02\/garaje.jpeg\" class=\"elementor-animation-float attachment-full size-full wp-image-8318\" alt=\"Mantenimiento y preparaci\u00f3n de buggies Segway en la base de Wild Sahara.\" srcset=\"https:\/\/wildsaharamerzouga.com\/wp-content\/uploads\/2026\/02\/garaje.jpeg 1128w, https:\/\/wildsaharamerzouga.com\/wp-content\/uploads\/2026\/02\/garaje-209x300.jpeg 209w, https:\/\/wildsaharamerzouga.com\/wp-content\/uploads\/2026\/02\/garaje-713x1024.jpeg 713w, https:\/\/wildsaharamerzouga.com\/wp-content\/uploads\/2026\/02\/garaje-768x1102.jpeg 768w, https:\/\/wildsaharamerzouga.com\/wp-content\/uploads\/2026\/02\/garaje-1070x1536.jpeg 1070w, https:\/\/wildsaharamerzouga.com\/wp-content\/uploads\/2026\/02\/garaje-8x12.jpeg 8w\" sizes=\"(max-width: 1128px) 100vw, 1128px\" \/>\t\t\t\t\t\t\t\t\t\t\t\t\t\t\t<\/div>\n\t\t\t\t\t<\/div>\n\t\t\t\t<\/div>\n\t\t<div class=\"elementor-element elementor-element-bc5e2bc e-flex e-con-boxed e-con e-child\" data-id=\"bc5e2bc\" data-element_type=\"container\" data-e-type=\"container\">\n\t\t\t\t\t<div class=\"e-con-inner\">\n\t\t\t\t<div class=\"elementor-element elementor-element-92d9016 elementor-widget elementor-widget-image\" data-id=\"92d9016\" data-element_type=\"widget\" data-e-type=\"widget\" data-widget_type=\"image.default\">\n\t\t\t\t\t\t\t\t\t\t\t\t\t\t\t<img decoding=\"async\" width=\"2560\" height=\"1920\" src=\"https:\/\/wildsaharamerzouga.com\/wp-content\/uploads\/2026\/02\/WhatsApp-Image-2026-02-20-at-12.17.19-scaled.jpeg\" class=\"elementor-animation-float attachment-full size-full wp-image-7898\" alt=\"Final de jornada de aventura en buggy contemplando el atardecer en el Sahara.\" srcset=\"https:\/\/wildsaharamerzouga.com\/wp-content\/uploads\/2026\/02\/WhatsApp-Image-2026-02-20-at-12.17.19-scaled.jpeg 2560w, https:\/\/wildsaharamerzouga.com\/wp-content\/uploads\/2026\/02\/WhatsApp-Image-2026-02-20-at-12.17.19-300x225.jpeg 300w, https:\/\/wildsaharamerzouga.com\/wp-content\/uploads\/2026\/02\/WhatsApp-Image-2026-02-20-at-12.17.19-1024x768.jpeg 1024w, https:\/\/wildsaharamerzouga.com\/wp-content\/uploads\/2026\/02\/WhatsApp-Image-2026-02-20-at-12.17.19-768x576.jpeg 768w, https:\/\/wildsaharamerzouga.com\/wp-content\/uploads\/2026\/02\/WhatsApp-Image-2026-02-20-at-12.17.19-1536x1152.jpeg 1536w, https:\/\/wildsaharamerzouga.com\/wp-content\/uploads\/2026\/02\/WhatsApp-Image-2026-02-20-at-12.17.19-2048x1536.jpeg 2048w, https:\/\/wildsaharamerzouga.com\/wp-content\/uploads\/2026\/02\/WhatsApp-Image-2026-02-20-at-12.17.19-16x12.jpeg 16w\" sizes=\"(max-width: 2560px) 100vw, 2560px\" \/>\t\t\t\t\t\t\t\t\t\t\t\t\t\t\t<\/div>\n\t\t\t\t<div class=\"elementor-element elementor-element-82897b5 elementor-widget elementor-widget-image\" data-id=\"82897b5\" data-element_type=\"widget\" data-e-type=\"widget\" data-widget_type=\"image.default\">\n\t\t\t\t\t\t\t\t\t\t\t\t\t\t\t<img loading=\"lazy\" decoding=\"async\" width=\"1600\" height=\"1200\" src=\"https:\/\/wildsaharamerzouga.com\/wp-content\/uploads\/2026\/02\/WhatsApp-Image-2026-02-18-at-20.01.25.jpeg\" class=\"elementor-animation-float attachment-full size-full wp-image-7897\" alt=\"Buggy en el desierto del Sahara al atardecer\" srcset=\"https:\/\/wildsaharamerzouga.com\/wp-content\/uploads\/2026\/02\/WhatsApp-Image-2026-02-18-at-20.01.25.jpeg 1600w, https:\/\/wildsaharamerzouga.com\/wp-content\/uploads\/2026\/02\/WhatsApp-Image-2026-02-18-at-20.01.25-300x225.jpeg 300w, https:\/\/wildsaharamerzouga.com\/wp-content\/uploads\/2026\/02\/WhatsApp-Image-2026-02-18-at-20.01.25-1024x768.jpeg 1024w, https:\/\/wildsaharamerzouga.com\/wp-content\/uploads\/2026\/02\/WhatsApp-Image-2026-02-18-at-20.01.25-768x576.jpeg 768w, https:\/\/wildsaharamerzouga.com\/wp-content\/uploads\/2026\/02\/WhatsApp-Image-2026-02-18-at-20.01.25-1536x1152.jpeg 1536w, https:\/\/wildsaharamerzouga.com\/wp-content\/uploads\/2026\/02\/WhatsApp-Image-2026-02-18-at-20.01.25-16x12.jpeg 16w\" sizes=\"(max-width: 1600px) 100vw, 1600px\" \/>\t\t\t\t\t\t\t\t\t\t\t\t\t\t\t<\/div>\n\t\t\t\t\t<\/div>\n\t\t\t\t<\/div>\n\t\t\t\t<\/div>\n\t\t\t\t\t<\/div>\n\t\t\t\t<\/div>\n\t\t<div class=\"elementor-element elementor-element-7ea8835 e-con-full e-flex e-con e-parent\" data-id=\"7ea8835\" data-element_type=\"container\" data-e-type=\"container\">\n\t\t\t\t<div class=\"elementor-element elementor-element-418af21 elementor-widget elementor-widget-html\" data-id=\"418af21\" data-element_type=\"widget\" data-e-type=\"widget\" data-widget_type=\"html.default\">\n\t\t\t\t\t\r\n<style>\r\n  .ticker-wrap {\r\n    width: 100%;\r\n    overflow: hidden;\r\n    background: transparent;\r\n    padding: 14px 0;\r\n  }\r\n  .ticker-track {\r\n    display: flex;\r\n    will-change: transform;\r\n  }\r\n  .ticker-item {\r\n    display: inline-flex;\r\n    align-items: center;\r\n    gap: 18px;\r\n    padding-right: 60px;\r\n    font-family: 'Georgia', serif;\r\n    font-size: 17px;\r\n    font-weight: 500;\r\n    color: #8B4513;\r\n    letter-spacing: 2px;\r\n    text-transform: uppercase;\r\n    white-space: nowrap;\r\n    flex-shrink: 0;\r\n  }\r\n  .ticker-item .star {\r\n    color: #C9862A;\r\n    font-size: 50px;\r\n    line-height: 1;\r\n  }\r\n<\/style>\r\n\r\n<div class=\"ticker-wrap\" id=\"tickerWrap\">\r\n  <div class=\"ticker-track\" id=\"tickerTrack\">\r\n    <span class=\"ticker-item\">\r\n      <span class=\"star\">\u2726<\/span> Vive el Sahara\r\n      <span class=\"star\">\u2726<\/span> Siente la arena\r\n      <span class=\"star\">\u2726<\/span> Domina las dunas\r\n      <span class=\"star\">\u2726<\/span> Escapa de lo ordinario\r\n      <span class=\"star\">\u2726<\/span> Tu aventura comienza aqu\u00ed\r\n      <span class=\"star\">\u2726<\/span> Adrenalina en las dunas\r\n      <span class=\"star\">\u2726<\/span> Atardeceres \u00fanicos\r\n      <span class=\"star\">\u2726<\/span> Velocidad sin l\u00edmites\r\n      <span class=\"star\">\u2726<\/span> El desierto es tuyo\r\n      <span class=\"star\">\u2726<\/span> Una experiencia que no olvidar\u00e1s\r\n    <\/span>\r\n  <\/div>\r\n<\/div>\r\n\r\n<script>\r\n  (function() {\r\n    const track = document.getElementById('tickerTrack');\r\n    const wrap  = document.getElementById('tickerWrap');\r\n\r\n\r\n    const original = track.children[0];\r\n    const itemWidth = original.offsetWidth;\r\n    const needed = Math.ceil((wrap.offsetWidth * 2) \/ itemWidth) + 2;\r\n\r\n    for (let i = 1; i < needed; i++) {\r\n      track.appendChild(original.cloneNode(true));\r\n    }\r\n\r\n    let pos = 0;\r\n    const speed = 0.8;\r\n\r\n    function tick() {\r\n      pos -= speed;\r\n      if (Math.abs(pos) >= original.offsetWidth) {\r\n        pos += original.offsetWidth;\r\n        track.appendChild(track.children[0]);\r\n      }\r\n      track.style.transform = `translateX(${pos}px)`;\r\n      requestAnimationFrame(tick);\r\n    }\r\n\r\n    requestAnimationFrame(tick);\r\n  })();\r\n<\/script>\t\t\t\t<\/div>\n\t\t\t\t<\/div>\n\t\t\t\t<\/div>\n\t\t","protected":false},"excerpt":{"rendered":"<p>Expertos en rutas en buggy en Merzouga Sobre Nosotros De Espa\u00f1a a Merzouga Rutas en buggy en Merzouga son la esencia de Wild Sahara. Organizamos experiencias \u00fanicas por el desierto del Sahara adaptadas a todos los niveles. Desde recorridos suaves por las dunas hasta aventuras m\u00e1s intensas, cada ruta est\u00e1 dise\u00f1ada para combinar emoci\u00f3n, seguridad [&hellip;]<\/p>\n","protected":false},"author":1,"featured_media":0,"parent":0,"menu_order":0,"comment_status":"closed","ping_status":"closed","template":"","meta":{"inline_featured_image":false,"footnotes":""},"class_list":["post-26","page","type-page","status-publish","hentry"],"yoast_head":"<!-- This site is optimized with the Yoast SEO plugin v27.3 - https:\/\/yoast.com\/product\/yoast-seo-wordpress\/ -->\n<title>Rutas en buggy en Merzouga | Wild Sahara<\/title>\n<meta name=\"description\" content=\"Conoce Wild Sahara, expertos en rutas en buggy en Merzouga. Empresa espa\u00f1ola en Marruecos ofreciendo experiencias \u00fanicas en el desierto.\" \/>\n<meta name=\"robots\" content=\"index, follow, max-snippet:-1, max-image-preview:large, max-video-preview:-1\" \/>\n<link rel=\"canonical\" href=\"https:\/\/wildsaharamerzouga.com\/en\/sobre-nosotros-buggy-merzouga\/\" \/>\n<meta property=\"og:locale\" content=\"en_US\" \/>\n<meta property=\"og:type\" content=\"article\" \/>\n<meta property=\"og:title\" content=\"Rutas en buggy en Merzouga | Wild Sahara\" \/>\n<meta property=\"og:description\" content=\"Conoce Wild Sahara, expertos en rutas en buggy en Merzouga. Empresa espa\u00f1ola en Marruecos ofreciendo experiencias \u00fanicas en el desierto.\" \/>\n<meta property=\"og:url\" content=\"https:\/\/wildsaharamerzouga.com\/en\/sobre-nosotros-buggy-merzouga\/\" \/>\n<meta property=\"og:site_name\" content=\"Wild Sahara Merzouga\" \/>\n<meta property=\"article:publisher\" content=\"https:\/\/www.facebook.com\/profile.php?id=61587170723711\" \/>\n<meta property=\"article:modified_time\" content=\"2026-02-27T19:31:55+00:00\" \/>\n<meta property=\"og:image\" content=\"https:\/\/wildsaharamerzouga.com\/wp-content\/uploads\/2026\/02\/624922015_17849768025668088_5200100648761158922_n.jpg\" \/>\n<meta name=\"twitter:card\" content=\"summary_large_image\" \/>\n<meta name=\"twitter:label1\" content=\"Est. reading time\" \/>\n\t<meta name=\"twitter:data1\" content=\"3 minutes\" \/>\n<script type=\"application\/ld+json\" class=\"yoast-schema-graph\">{\"@context\":\"https:\\\/\\\/schema.org\",\"@graph\":[{\"@type\":\"WebPage\",\"@id\":\"https:\\\/\\\/wildsaharamerzouga.com\\\/sobre-nosotros-buggy-merzouga\\\/\",\"url\":\"https:\\\/\\\/wildsaharamerzouga.com\\\/sobre-nosotros-buggy-merzouga\\\/\",\"name\":\"Rutas en buggy en Merzouga | Wild Sahara\",\"isPartOf\":{\"@id\":\"https:\\\/\\\/wildsaharamerzouga.com\\\/#website\"},\"primaryImageOfPage\":{\"@id\":\"https:\\\/\\\/wildsaharamerzouga.com\\\/sobre-nosotros-buggy-merzouga\\\/#primaryimage\"},\"image\":{\"@id\":\"https:\\\/\\\/wildsaharamerzouga.com\\\/sobre-nosotros-buggy-merzouga\\\/#primaryimage\"},\"thumbnailUrl\":\"https:\\\/\\\/wildsaharamerzouga.com\\\/wp-content\\\/uploads\\\/2026\\\/02\\\/624922015_17849768025668088_5200100648761158922_n.jpg\",\"datePublished\":\"2023-07-20T08:03:53+00:00\",\"dateModified\":\"2026-02-27T19:31:55+00:00\",\"description\":\"Conoce Wild Sahara, expertos en rutas en buggy en Merzouga. Empresa espa\u00f1ola en Marruecos ofreciendo experiencias \u00fanicas en el desierto.\",\"breadcrumb\":{\"@id\":\"https:\\\/\\\/wildsaharamerzouga.com\\\/sobre-nosotros-buggy-merzouga\\\/#breadcrumb\"},\"inLanguage\":\"en-US\",\"potentialAction\":[{\"@type\":\"ReadAction\",\"target\":[\"https:\\\/\\\/wildsaharamerzouga.com\\\/sobre-nosotros-buggy-merzouga\\\/\"]}]},{\"@type\":\"ImageObject\",\"inLanguage\":\"en-US\",\"@id\":\"https:\\\/\\\/wildsaharamerzouga.com\\\/sobre-nosotros-buggy-merzouga\\\/#primaryimage\",\"url\":\"https:\\\/\\\/wildsaharamerzouga.com\\\/wp-content\\\/uploads\\\/2026\\\/02\\\/624922015_17849768025668088_5200100648761158922_n.jpg\",\"contentUrl\":\"https:\\\/\\\/wildsaharamerzouga.com\\\/wp-content\\\/uploads\\\/2026\\\/02\\\/624922015_17849768025668088_5200100648761158922_n.jpg\"},{\"@type\":\"BreadcrumbList\",\"@id\":\"https:\\\/\\\/wildsaharamerzouga.com\\\/sobre-nosotros-buggy-merzouga\\\/#breadcrumb\",\"itemListElement\":[{\"@type\":\"ListItem\",\"position\":1,\"name\":\"Home\",\"item\":\"https:\\\/\\\/wildsaharamerzouga.com\\\/\"},{\"@type\":\"ListItem\",\"position\":2,\"name\":\"Sobre Nosotros\"}]},{\"@type\":\"WebSite\",\"@id\":\"https:\\\/\\\/wildsaharamerzouga.com\\\/#website\",\"url\":\"https:\\\/\\\/wildsaharamerzouga.com\\\/\",\"name\":\"Wild Sahara Merzouga\",\"description\":\"Alquiler de Buggies por tours en Merzouga\",\"publisher\":{\"@id\":\"https:\\\/\\\/wildsaharamerzouga.com\\\/#organization\"},\"alternateName\":\"Buggy Wild Sahara Merzouga\",\"potentialAction\":[{\"@type\":\"SearchAction\",\"target\":{\"@type\":\"EntryPoint\",\"urlTemplate\":\"https:\\\/\\\/wildsaharamerzouga.com\\\/?s={search_term_string}\"},\"query-input\":{\"@type\":\"PropertyValueSpecification\",\"valueRequired\":true,\"valueName\":\"search_term_string\"}}],\"inLanguage\":\"en-US\"},{\"@type\":\"Organization\",\"@id\":\"https:\\\/\\\/wildsaharamerzouga.com\\\/#organization\",\"name\":\"Wild Sahara Merzouga\",\"alternateName\":\"Buggies Wild Sahara Merzouga\",\"url\":\"https:\\\/\\\/wildsaharamerzouga.com\\\/\",\"logo\":{\"@type\":\"ImageObject\",\"inLanguage\":\"en-US\",\"@id\":\"https:\\\/\\\/wildsaharamerzouga.com\\\/#\\\/schema\\\/logo\\\/image\\\/\",\"url\":\"https:\\\/\\\/wildsaharamerzouga.com\\\/wp-content\\\/uploads\\\/2026\\\/02\\\/cropped-logo3.png\",\"contentUrl\":\"https:\\\/\\\/wildsaharamerzouga.com\\\/wp-content\\\/uploads\\\/2026\\\/02\\\/cropped-logo3.png\",\"width\":512,\"height\":442,\"caption\":\"Wild Sahara Merzouga\"},\"image\":{\"@id\":\"https:\\\/\\\/wildsaharamerzouga.com\\\/#\\\/schema\\\/logo\\\/image\\\/\"},\"sameAs\":[\"https:\\\/\\\/www.facebook.com\\\/profile.php?id=61587170723711\",\"https:\\\/\\\/www.instagram.com\\\/wildsaharamerzouga\\\/\"]}]}<\/script>\n<!-- \/ Yoast SEO plugin. -->","yoast_head_json":{"title":"Rutas en buggy en Merzouga | Wild Sahara","description":"Conoce Wild Sahara, expertos en rutas en buggy en Merzouga. Empresa espa\u00f1ola en Marruecos ofreciendo experiencias \u00fanicas en el desierto.","robots":{"index":"index","follow":"follow","max-snippet":"max-snippet:-1","max-image-preview":"max-image-preview:large","max-video-preview":"max-video-preview:-1"},"canonical":"https:\/\/wildsaharamerzouga.com\/en\/sobre-nosotros-buggy-merzouga\/","og_locale":"en_US","og_type":"article","og_title":"Rutas en buggy en Merzouga | Wild Sahara","og_description":"Conoce Wild Sahara, expertos en rutas en buggy en Merzouga. Empresa espa\u00f1ola en Marruecos ofreciendo experiencias \u00fanicas en el desierto.","og_url":"https:\/\/wildsaharamerzouga.com\/en\/sobre-nosotros-buggy-merzouga\/","og_site_name":"Wild Sahara Merzouga","article_publisher":"https:\/\/www.facebook.com\/profile.php?id=61587170723711","article_modified_time":"2026-02-27T19:31:55+00:00","og_image":[{"url":"https:\/\/wildsaharamerzouga.com\/wp-content\/uploads\/2026\/02\/624922015_17849768025668088_5200100648761158922_n.jpg","type":"","width":"","height":""}],"twitter_card":"summary_large_image","twitter_misc":{"Est. reading time":"3 minutes"},"schema":{"@context":"https:\/\/schema.org","@graph":[{"@type":"WebPage","@id":"https:\/\/wildsaharamerzouga.com\/sobre-nosotros-buggy-merzouga\/","url":"https:\/\/wildsaharamerzouga.com\/sobre-nosotros-buggy-merzouga\/","name":"Rutas en buggy en Merzouga | Wild Sahara","isPartOf":{"@id":"https:\/\/wildsaharamerzouga.com\/#website"},"primaryImageOfPage":{"@id":"https:\/\/wildsaharamerzouga.com\/sobre-nosotros-buggy-merzouga\/#primaryimage"},"image":{"@id":"https:\/\/wildsaharamerzouga.com\/sobre-nosotros-buggy-merzouga\/#primaryimage"},"thumbnailUrl":"https:\/\/wildsaharamerzouga.com\/wp-content\/uploads\/2026\/02\/624922015_17849768025668088_5200100648761158922_n.jpg","datePublished":"2023-07-20T08:03:53+00:00","dateModified":"2026-02-27T19:31:55+00:00","description":"Conoce Wild Sahara, expertos en rutas en buggy en Merzouga. Empresa espa\u00f1ola en Marruecos ofreciendo experiencias \u00fanicas en el desierto.","breadcrumb":{"@id":"https:\/\/wildsaharamerzouga.com\/sobre-nosotros-buggy-merzouga\/#breadcrumb"},"inLanguage":"en-US","potentialAction":[{"@type":"ReadAction","target":["https:\/\/wildsaharamerzouga.com\/sobre-nosotros-buggy-merzouga\/"]}]},{"@type":"ImageObject","inLanguage":"en-US","@id":"https:\/\/wildsaharamerzouga.com\/sobre-nosotros-buggy-merzouga\/#primaryimage","url":"https:\/\/wildsaharamerzouga.com\/wp-content\/uploads\/2026\/02\/624922015_17849768025668088_5200100648761158922_n.jpg","contentUrl":"https:\/\/wildsaharamerzouga.com\/wp-content\/uploads\/2026\/02\/624922015_17849768025668088_5200100648761158922_n.jpg"},{"@type":"BreadcrumbList","@id":"https:\/\/wildsaharamerzouga.com\/sobre-nosotros-buggy-merzouga\/#breadcrumb","itemListElement":[{"@type":"ListItem","position":1,"name":"Home","item":"https:\/\/wildsaharamerzouga.com\/"},{"@type":"ListItem","position":2,"name":"Sobre Nosotros"}]},{"@type":"WebSite","@id":"https:\/\/wildsaharamerzouga.com\/#website","url":"https:\/\/wildsaharamerzouga.com\/","name":"Wild Sahara Merzouga","description":"Buggy Rentals and Tours in Merzouga","publisher":{"@id":"https:\/\/wildsaharamerzouga.com\/#organization"},"alternateName":"Buggy Wild Sahara Merzouga","potentialAction":[{"@type":"SearchAction","target":{"@type":"EntryPoint","urlTemplate":"https:\/\/wildsaharamerzouga.com\/?s={search_term_string}"},"query-input":{"@type":"PropertyValueSpecification","valueRequired":true,"valueName":"search_term_string"}}],"inLanguage":"en-US"},{"@type":"Organization","@id":"https:\/\/wildsaharamerzouga.com\/#organization","name":"Wild Sahara Merzouga","alternateName":"Buggies Wild Sahara Merzouga","url":"https:\/\/wildsaharamerzouga.com\/","logo":{"@type":"ImageObject","inLanguage":"en-US","@id":"https:\/\/wildsaharamerzouga.com\/#\/schema\/logo\/image\/","url":"https:\/\/wildsaharamerzouga.com\/wp-content\/uploads\/2026\/02\/cropped-logo3.png","contentUrl":"https:\/\/wildsaharamerzouga.com\/wp-content\/uploads\/2026\/02\/cropped-logo3.png","width":512,"height":442,"caption":"Wild Sahara Merzouga"},"image":{"@id":"https:\/\/wildsaharamerzouga.com\/#\/schema\/logo\/image\/"},"sameAs":["https:\/\/www.facebook.com\/profile.php?id=61587170723711","https:\/\/www.instagram.com\/wildsaharamerzouga\/"]}]}},"_links":{"self":[{"href":"https:\/\/wildsaharamerzouga.com\/en\/wp-json\/wp\/v2\/pages\/26","targetHints":{"allow":["GET"]}}],"collection":[{"href":"https:\/\/wildsaharamerzouga.com\/en\/wp-json\/wp\/v2\/pages"}],"about":[{"href":"https:\/\/wildsaharamerzouga.com\/en\/wp-json\/wp\/v2\/types\/page"}],"author":[{"embeddable":true,"href":"https:\/\/wildsaharamerzouga.com\/en\/wp-json\/wp\/v2\/users\/1"}],"replies":[{"embeddable":true,"href":"https:\/\/wildsaharamerzouga.com\/en\/wp-json\/wp\/v2\/comments?post=26"}],"version-history":[{"count":6,"href":"https:\/\/wildsaharamerzouga.com\/en\/wp-json\/wp\/v2\/pages\/26\/revisions"}],"predecessor-version":[{"id":8464,"href":"https:\/\/wildsaharamerzouga.com\/en\/wp-json\/wp\/v2\/pages\/26\/revisions\/8464"}],"wp:attachment":[{"href":"https:\/\/wildsaharamerzouga.com\/en\/wp-json\/wp\/v2\/media?parent=26"}],"curies":[{"name":"wp","href":"https:\/\/api.w.org\/{rel}","templated":true}]}}