{"id":7599,"date":"2026-02-20T18:14:06","date_gmt":"2026-02-20T18:14:06","guid":{"rendered":"https:\/\/wildsaharamerzouga.com\/?page_id=7599"},"modified":"2026-03-04T19:13:31","modified_gmt":"2026-03-04T19:13:31","slug":"campamento-en-merzouga","status":"publish","type":"page","link":"https:\/\/wildsaharamerzouga.com\/en\/campamento-en-merzouga\/","title":{"rendered":"NOMAD CAMP"},"content":{"rendered":"<div data-elementor-type=\"wp-page\" data-elementor-id=\"7599\" class=\"elementor elementor-7599\">\n\t\t\t\t<div class=\"elementor-element elementor-element-c6289d4 e-con-full e-flex e-con e-parent\" data-id=\"c6289d4\" data-element_type=\"container\" data-e-type=\"container\">\n\t\t\t\t<div class=\"elementor-element elementor-element-6914ab4 elementor-align-center subtitle-position-below elementor-widget elementor-widget-bexper-heading\" data-id=\"6914ab4\" data-element_type=\"widget\" data-e-type=\"widget\" data-widget_type=\"bexper-heading.default\">\n\t\t\t\t<div class=\"elementor-widget-container\">\n\t\t\t\t\t<div class=\"elementor-heading-wrapper-inner\"><h1 class=\"elementor-heading-title elementor-size-default\">NOMAD CAMP\n<\/h1><div class=\"elementor-sub-title\">A new experience in the Sahara<\/div><\/div>\t\t\t\t<\/div>\n\t\t\t\t<\/div>\n\t\t\t\t<\/div>\n\t\t<div class=\"elementor-element elementor-element-73531f8 e-con-full e-flex e-con e-parent\" data-id=\"73531f8\" data-element_type=\"container\" data-e-type=\"container\">\n\t\t\t\t<div class=\"elementor-element elementor-element-4b17dfad elementor-widget__width-initial elementor-widget-tablet_extra__width-initial elementor-widget elementor-widget-text-editor\" data-id=\"4b17dfad\" data-element_type=\"widget\" data-e-type=\"widget\" data-widget_type=\"text-editor.default\">\n\t\t\t\t\t\t\t\t\t<p>Visiting our <b data-path-to-node=\"5,0\" data-index-in-node=\"17\">camp in Merzouga<\/b> is the best way to immerse yourself in the Saharan culture during your trip. For this reason, we have designed a space where Berber tradition and hospitality come together to offer you an authentic rest after your buggy tour through the dunes of Erg Chebbi.<br \/>The experience at the <b data-path-to-node=\"10,0\" data-index-in-node=\"22\">camp in Merzouga<\/b> would not be complete without tasting the local gastronomy. In addition to our famous welcome tea, we offer traditional lunches prepared with local products, such as Berber tagine or handmade couscous. Eating under the shade of our tents, feeling the desert breeze, is a pleasure that connects all the senses. In conclusion, we aim for every visitor to take away an unforgettable memory, not only of the landscapes but also of the flavors of southern Morocco.<\/p><h2 style=\"font-size: 24px; color: #662903; font-family: 'Oswald', sans-serif;\">Your stop at the camp in Merzouga: Culture and Leisure<\/h2><p>This experience allows you to get to know the customs of the <a href=\"https:\/\/es.wikipedia.org\/wiki\/Bereberes\">Berber people<\/a> without the need to spend the night.<br \/>Additionally, you can listen to the rhythms of <a href=\"https:\/\/somorocco.com\/the-remarkable-survival-of-gnaoua-music\/\"><strong>Gnawa music<\/strong><\/a> and see local crafts up close. On the other hand, if the magic of the Sahara catches you, you always have the option to book a night under the stars to complete your adventure.<\/p><p>Many of our clients choose to combine this visit with our <strong><a href=\"\/en\/nuestra-flota-buggies-merzouga\/\">buggy excursions<\/a><\/strong>, making a strategic stop for a traditional lunch. In conclusion, whether it is a one-hour visit or a full stay, the camp is a mandatory stop.<\/p><p>If you have any questions about the daytime routes, check our <a href=\"\/en\/preguntas-frecuentes-merzouga\/\">frequently asked questions<\/a> or send us a direct message through <span style=\"text-decoration: underline;\"><a href=\"\/en\/contacto\/\">our contact form.<\/a><\/span>.<\/p>\t\t\t\t\t\t\t\t<\/div>\n\t\t\t\t<div class=\"elementor-element elementor-element-73dd322a elementor-widget elementor-widget-image\" data-id=\"73dd322a\" data-element_type=\"widget\" data-e-type=\"widget\" data-widget_type=\"image.default\">\n\t\t\t\t\t\t\t\t\t\t\t\t\t\t\t<img decoding=\"async\" src=\"https:\/\/wildsaharamerzouga.com\/wp-content\/uploads\/elementor\/thumbs\/campamento-scaled-rjg0w3anuuh6wpiuh1npccjuw9qapao0iwkdp9dvg0.jpg\" title=\"campamento\" alt=\"Campamento n\u00f3mada bereber en el desierto del Sahara\" loading=\"lazy\" \/>\t\t\t\t\t\t\t\t\t\t\t\t\t\t\t<\/div>\n\t\t\t\t<\/div>\n\t\t<div class=\"elementor-element elementor-element-1cb37fc e-flex e-con-boxed e-con e-parent\" data-id=\"1cb37fc\" data-element_type=\"container\" data-e-type=\"container\" data-settings=\"{&quot;background_background&quot;:&quot;classic&quot;}\">\n\t\t\t\t\t<div class=\"e-con-inner\">\n\t\t\t\t<div class=\"elementor-element elementor-element-741c4a6d subtitle-position-above elementor-align-center elementor-widget elementor-widget-bexper-heading\" data-id=\"741c4a6d\" data-element_type=\"widget\" data-e-type=\"widget\" data-widget_type=\"bexper-heading.default\">\n\t\t\t\t<div class=\"elementor-widget-container\">\n\t\t\t\t\t<div class=\"elementor-heading-wrapper-inner\"><h2 class=\"elementor-heading-title elementor-size-default\">BOOK YOUR EXPERIENCE<\/h2><div class=\"elementor-sub-title\">Ready to experience it?<\/div><\/div>\t\t\t\t<\/div>\n\t\t\t\t<\/div>\n\t\t\t\t<div class=\"elementor-element elementor-element-4c3a4c5f elementor-widget elementor-widget-text-editor\" data-id=\"4c3a4c5f\" data-element_type=\"widget\" data-e-type=\"widget\" data-widget_type=\"text-editor.default\">\n\t\t\t\t\t\t\t\t\t<p>Message us and we\u2019ll tell you everything. <br \/>Our team is available to answer any questions and prepare your Sahara adventure.<\/p>\t\t\t\t\t\t\t\t<\/div>\n\t\t<div class=\"elementor-element elementor-element-6ea700d2 e-grid e-con-full e-con e-child\" data-id=\"6ea700d2\" data-element_type=\"container\" data-e-type=\"container\">\n\t\t\t\t<div class=\"elementor-element elementor-element-78bdc1db elementor-button-success e-transform elementor-widget elementor-widget-button\" data-id=\"78bdc1db\" data-element_type=\"widget\" data-e-type=\"widget\" data-settings=\"{&quot;_transform_scale_effect_hover&quot;:{&quot;unit&quot;:&quot;px&quot;,&quot;size&quot;:1.1,&quot;sizes&quot;:[]},&quot;_transform_scale_effect_hover_laptop&quot;:{&quot;unit&quot;:&quot;px&quot;,&quot;size&quot;:&quot;&quot;,&quot;sizes&quot;:[]},&quot;_transform_scale_effect_hover_tablet_extra&quot;:{&quot;unit&quot;:&quot;px&quot;,&quot;size&quot;:&quot;&quot;,&quot;sizes&quot;:[]},&quot;_transform_scale_effect_hover_tablet&quot;:{&quot;unit&quot;:&quot;px&quot;,&quot;size&quot;:&quot;&quot;,&quot;sizes&quot;:[]},&quot;_transform_scale_effect_hover_mobile_extra&quot;:{&quot;unit&quot;:&quot;px&quot;,&quot;size&quot;:&quot;&quot;,&quot;sizes&quot;:[]},&quot;_transform_scale_effect_hover_mobile&quot;:{&quot;unit&quot;:&quot;px&quot;,&quot;size&quot;:&quot;&quot;,&quot;sizes&quot;:[]}}\" data-widget_type=\"button.default\">\n\t\t\t\t\t\t\t\t\t\t<a class=\"elementor-button elementor-button-link elementor-size-sm\" href=\"https:\/\/wa.me\/34670434300?text=Hello%2C%20I%20would%20like%20to%20inquire%20about%20an%20experience%20in%20Merzouga\">\n\t\t\t\t\t\t<span class=\"elementor-button-content-wrapper\">\n\t\t\t\t\t\t<span class=\"elementor-button-icon\">\n\t\t\t\t<svg aria-hidden=\"true\" class=\"e-font-icon-svg e-fab-whatsapp\" viewbox=\"0 0 448 512\" xmlns=\"http:\/\/www.w3.org\/2000\/svg\"><path d=\"M380.9 97.1C339 55.1 283.2 32 223.9 32c-122.4 0-222 99.6-222 222 0 39.1 10.2 77.3 29.6 111L0 480l117.7-30.9c32.4 17.7 68.9 27 106.1 27h.1c122.3 0 224.1-99.6 224.1-222 0-59.3-25.2-115-67.1-157zm-157 341.6c-33.2 0-65.7-8.9-94-25.7l-6.7-4-69.8 18.3L72 359.2l-4.4-7c-18.5-29.4-28.2-63.3-28.2-98.2 0-101.7 82.8-184.5 184.6-184.5 49.3 0 95.6 19.2 130.4 54.1 34.8 34.9 56.2 81.2 56.1 130.5 0 101.8-84.9 184.6-186.6 184.6zm101.2-138.2c-5.5-2.8-32.8-16.2-37.9-18-5.1-1.9-8.8-2.8-12.5 2.8-3.7 5.6-14.3 18-17.6 21.8-3.2 3.7-6.5 4.2-12 1.4-32.6-16.3-54-29.1-75.5-66-5.7-9.8 5.7-9.1 16.3-30.3 1.8-3.7.9-6.9-.5-9.7-1.4-2.8-12.5-30.1-17.1-41.2-4.5-10.8-9.1-9.3-12.5-9.5-3.2-.2-6.9-.2-10.6-.2-3.7 0-9.7 1.4-14.8 6.9-5.1 5.6-19.4 19-19.4 46.3 0 27.3 19.9 53.7 22.6 57.4 2.8 3.7 39.1 59.7 94.8 83.8 35.2 15.2 49 16.5 66.6 13.9 10.7-1.6 32.8-13.4 37.4-26.4 4.6-13 4.6-24.1 3.2-26.4-1.3-2.5-5-3.9-10.5-6.6z\"><\/path><\/svg>\t\t\t<\/span>\n\t\t\t\t\t\t\t\t\t<span class=\"elementor-button-text\">MESSAGE US ON WHATSAPP<\/span>\n\t\t\t\t\t<\/span>\n\t\t\t\t\t<\/a>\n\t\t\t\t\t\t\t\t<\/div>\n\t\t\t\t<div class=\"elementor-element elementor-element-19ec1406 elementor-button-outline elementor-align-left elementor-widget elementor-widget-button\" data-id=\"19ec1406\" data-element_type=\"widget\" data-e-type=\"widget\" data-widget_type=\"button.default\">\n\t\t\t\t\t\t\t\t\t\t<a class=\"elementor-button elementor-button-link elementor-size-sm\" href=\"tel:+34618630046\">\n\t\t\t\t\t\t<span class=\"elementor-button-content-wrapper\">\n\t\t\t\t\t\t<span class=\"elementor-button-icon\">\n\t\t\t\t<i aria-hidden=\"true\" class=\"bexper-icon- bexper-icon-phone-call\"><\/i>\t\t\t<\/span>\n\t\t\t\t\t\t\t\t\t<span class=\"elementor-button-text\">+34 618 63 00 46<\/span>\n\t\t\t\t\t<\/span>\n\t\t\t\t\t<\/a>\n\t\t\t\t\t\t\t\t<\/div>\n\t\t\t\t<\/div>\n\t\t\t\t\t<\/div>\n\t\t\t\t<\/div>\n\t\t\t\t<\/div>","protected":false},"excerpt":{"rendered":"<p>Campamento N\u00f3mada Una experiencia nueva en el Sahara Visitar nuestro campamento en Merzouga es la mejor forma de sumergirse en la cultura del Sahara durante tu viaje. Por esta raz\u00f3n, hemos dise\u00f1ado un espacio donde la tradici\u00f3n bereber y la hospitalidad se unen para ofrecerte un descanso aut\u00e9ntico tras tu ruta en buggy por las [&hellip;]<\/p>\n","protected":false},"author":1,"featured_media":0,"parent":0,"menu_order":0,"comment_status":"closed","ping_status":"closed","template":"","meta":{"inline_featured_image":false,"footnotes":""},"class_list":["post-7599","page","type-page","status-publish","hentry"],"yoast_head":"<!-- This site is optimized with the Yoast SEO plugin v27.3 - https:\/\/yoast.com\/product\/yoast-seo-wordpress\/ -->\n<title>Campamento en Merzouga: Noche bajo las estrellas | Wild Sahara<\/title>\n<meta name=\"description\" content=\"Campamento en Merzouga: vive la cultura bereber, m\u00fasica gnawa y la opci\u00f3n de dormir bajo las estrellas del Sahara con Wild Sahara.\" \/>\n<meta name=\"robots\" content=\"index, follow, max-snippet:-1, max-image-preview:large, max-video-preview:-1\" \/>\n<link rel=\"canonical\" href=\"https:\/\/wildsaharamerzouga.com\/en\/campamento-en-merzouga\/\" \/>\n<meta property=\"og:locale\" content=\"en_US\" \/>\n<meta property=\"og:type\" content=\"article\" \/>\n<meta property=\"og:title\" content=\"Campamento en Merzouga: Noche bajo las estrellas | Wild Sahara\" \/>\n<meta property=\"og:description\" content=\"Campamento en Merzouga: vive la cultura bereber, m\u00fasica gnawa y la opci\u00f3n de dormir bajo las estrellas del Sahara con Wild Sahara.\" \/>\n<meta property=\"og:url\" content=\"https:\/\/wildsaharamerzouga.com\/en\/campamento-en-merzouga\/\" \/>\n<meta property=\"og:site_name\" content=\"Wild Sahara Merzouga\" \/>\n<meta property=\"article:publisher\" content=\"https:\/\/www.facebook.com\/profile.php?id=61587170723711\" \/>\n<meta property=\"article:modified_time\" content=\"2026-03-04T19:13:31+00:00\" \/>\n<meta property=\"og:image\" content=\"https:\/\/wildsaharamerzouga.com\/wp-content\/uploads\/elementor\/thumbs\/campamento-scaled-rjg0w3anuuh6wpiuh1npccjuw9qapao0iwkdp9dvg0.jpg\" \/>\n<meta name=\"twitter:card\" content=\"summary_large_image\" \/>\n<meta name=\"twitter:label1\" content=\"Est. reading time\" \/>\n\t<meta name=\"twitter:data1\" content=\"2 minutes\" \/>\n<script type=\"application\/ld+json\" class=\"yoast-schema-graph\">{\"@context\":\"https:\\\/\\\/schema.org\",\"@graph\":[{\"@type\":\"WebPage\",\"@id\":\"https:\\\/\\\/wildsaharamerzouga.com\\\/campamento-en-merzouga\\\/\",\"url\":\"https:\\\/\\\/wildsaharamerzouga.com\\\/campamento-en-merzouga\\\/\",\"name\":\"Campamento en Merzouga: Noche bajo las estrellas | Wild Sahara\",\"isPartOf\":{\"@id\":\"https:\\\/\\\/wildsaharamerzouga.com\\\/#website\"},\"primaryImageOfPage\":{\"@id\":\"https:\\\/\\\/wildsaharamerzouga.com\\\/campamento-en-merzouga\\\/#primaryimage\"},\"image\":{\"@id\":\"https:\\\/\\\/wildsaharamerzouga.com\\\/campamento-en-merzouga\\\/#primaryimage\"},\"thumbnailUrl\":\"https:\\\/\\\/wildsaharamerzouga.com\\\/wp-content\\\/uploads\\\/elementor\\\/thumbs\\\/campamento-scaled-rjg0w3anuuh6wpiuh1npccjuw9qapao0iwkdp9dvg0.jpg\",\"datePublished\":\"2026-02-20T18:14:06+00:00\",\"dateModified\":\"2026-03-04T19:13:31+00:00\",\"description\":\"Campamento en Merzouga: vive la cultura bereber, m\u00fasica gnawa y la opci\u00f3n de dormir bajo las estrellas del Sahara con Wild Sahara.\",\"breadcrumb\":{\"@id\":\"https:\\\/\\\/wildsaharamerzouga.com\\\/campamento-en-merzouga\\\/#breadcrumb\"},\"inLanguage\":\"en-US\",\"potentialAction\":[{\"@type\":\"ReadAction\",\"target\":[\"https:\\\/\\\/wildsaharamerzouga.com\\\/campamento-en-merzouga\\\/\"]}]},{\"@type\":\"ImageObject\",\"inLanguage\":\"en-US\",\"@id\":\"https:\\\/\\\/wildsaharamerzouga.com\\\/campamento-en-merzouga\\\/#primaryimage\",\"url\":\"https:\\\/\\\/wildsaharamerzouga.com\\\/wp-content\\\/uploads\\\/elementor\\\/thumbs\\\/campamento-scaled-rjg0w3anuuh6wpiuh1npccjuw9qapao0iwkdp9dvg0.jpg\",\"contentUrl\":\"https:\\\/\\\/wildsaharamerzouga.com\\\/wp-content\\\/uploads\\\/elementor\\\/thumbs\\\/campamento-scaled-rjg0w3anuuh6wpiuh1npccjuw9qapao0iwkdp9dvg0.jpg\"},{\"@type\":\"BreadcrumbList\",\"@id\":\"https:\\\/\\\/wildsaharamerzouga.com\\\/campamento-en-merzouga\\\/#breadcrumb\",\"itemListElement\":[{\"@type\":\"ListItem\",\"position\":1,\"name\":\"Home\",\"item\":\"https:\\\/\\\/wildsaharamerzouga.com\\\/\"},{\"@type\":\"ListItem\",\"position\":2,\"name\":\"Campamento N\u00f3mada\"}]},{\"@type\":\"WebSite\",\"@id\":\"https:\\\/\\\/wildsaharamerzouga.com\\\/#website\",\"url\":\"https:\\\/\\\/wildsaharamerzouga.com\\\/\",\"name\":\"Wild Sahara Merzouga\",\"description\":\"Alquiler de Buggies por tours en Merzouga\",\"publisher\":{\"@id\":\"https:\\\/\\\/wildsaharamerzouga.com\\\/#organization\"},\"alternateName\":\"Buggy Wild Sahara Merzouga\",\"potentialAction\":[{\"@type\":\"SearchAction\",\"target\":{\"@type\":\"EntryPoint\",\"urlTemplate\":\"https:\\\/\\\/wildsaharamerzouga.com\\\/?s={search_term_string}\"},\"query-input\":{\"@type\":\"PropertyValueSpecification\",\"valueRequired\":true,\"valueName\":\"search_term_string\"}}],\"inLanguage\":\"en-US\"},{\"@type\":\"Organization\",\"@id\":\"https:\\\/\\\/wildsaharamerzouga.com\\\/#organization\",\"name\":\"Wild Sahara Merzouga\",\"alternateName\":\"Buggies Wild Sahara Merzouga\",\"url\":\"https:\\\/\\\/wildsaharamerzouga.com\\\/\",\"logo\":{\"@type\":\"ImageObject\",\"inLanguage\":\"en-US\",\"@id\":\"https:\\\/\\\/wildsaharamerzouga.com\\\/#\\\/schema\\\/logo\\\/image\\\/\",\"url\":\"https:\\\/\\\/wildsaharamerzouga.com\\\/wp-content\\\/uploads\\\/2026\\\/02\\\/cropped-logo3.png\",\"contentUrl\":\"https:\\\/\\\/wildsaharamerzouga.com\\\/wp-content\\\/uploads\\\/2026\\\/02\\\/cropped-logo3.png\",\"width\":512,\"height\":442,\"caption\":\"Wild Sahara Merzouga\"},\"image\":{\"@id\":\"https:\\\/\\\/wildsaharamerzouga.com\\\/#\\\/schema\\\/logo\\\/image\\\/\"},\"sameAs\":[\"https:\\\/\\\/www.facebook.com\\\/profile.php?id=61587170723711\",\"https:\\\/\\\/www.instagram.com\\\/wildsaharamerzouga\\\/\"]}]}<\/script>\n<!-- \/ Yoast SEO plugin. -->","yoast_head_json":{"title":"Campamento en Merzouga: Noche bajo las estrellas | Wild Sahara","description":"Campamento en Merzouga: vive la cultura bereber, m\u00fasica gnawa y la opci\u00f3n de dormir bajo las estrellas del Sahara con Wild Sahara.","robots":{"index":"index","follow":"follow","max-snippet":"max-snippet:-1","max-image-preview":"max-image-preview:large","max-video-preview":"max-video-preview:-1"},"canonical":"https:\/\/wildsaharamerzouga.com\/en\/campamento-en-merzouga\/","og_locale":"en_US","og_type":"article","og_title":"Campamento en Merzouga: Noche bajo las estrellas | Wild Sahara","og_description":"Campamento en Merzouga: vive la cultura bereber, m\u00fasica gnawa y la opci\u00f3n de dormir bajo las estrellas del Sahara con Wild Sahara.","og_url":"https:\/\/wildsaharamerzouga.com\/en\/campamento-en-merzouga\/","og_site_name":"Wild Sahara Merzouga","article_publisher":"https:\/\/www.facebook.com\/profile.php?id=61587170723711","article_modified_time":"2026-03-04T19:13:31+00:00","og_image":[{"url":"https:\/\/wildsaharamerzouga.com\/wp-content\/uploads\/elementor\/thumbs\/campamento-scaled-rjg0w3anuuh6wpiuh1npccjuw9qapao0iwkdp9dvg0.jpg","type":"","width":"","height":""}],"twitter_card":"summary_large_image","twitter_misc":{"Est. reading time":"2 minutes"},"schema":{"@context":"https:\/\/schema.org","@graph":[{"@type":"WebPage","@id":"https:\/\/wildsaharamerzouga.com\/campamento-en-merzouga\/","url":"https:\/\/wildsaharamerzouga.com\/campamento-en-merzouga\/","name":"Campamento en Merzouga: Noche bajo las estrellas | Wild Sahara","isPartOf":{"@id":"https:\/\/wildsaharamerzouga.com\/#website"},"primaryImageOfPage":{"@id":"https:\/\/wildsaharamerzouga.com\/campamento-en-merzouga\/#primaryimage"},"image":{"@id":"https:\/\/wildsaharamerzouga.com\/campamento-en-merzouga\/#primaryimage"},"thumbnailUrl":"https:\/\/wildsaharamerzouga.com\/wp-content\/uploads\/elementor\/thumbs\/campamento-scaled-rjg0w3anuuh6wpiuh1npccjuw9qapao0iwkdp9dvg0.jpg","datePublished":"2026-02-20T18:14:06+00:00","dateModified":"2026-03-04T19:13:31+00:00","description":"Campamento en Merzouga: vive la cultura bereber, m\u00fasica gnawa y la opci\u00f3n de dormir bajo las estrellas del Sahara con Wild Sahara.","breadcrumb":{"@id":"https:\/\/wildsaharamerzouga.com\/campamento-en-merzouga\/#breadcrumb"},"inLanguage":"en-US","potentialAction":[{"@type":"ReadAction","target":["https:\/\/wildsaharamerzouga.com\/campamento-en-merzouga\/"]}]},{"@type":"ImageObject","inLanguage":"en-US","@id":"https:\/\/wildsaharamerzouga.com\/campamento-en-merzouga\/#primaryimage","url":"https:\/\/wildsaharamerzouga.com\/wp-content\/uploads\/elementor\/thumbs\/campamento-scaled-rjg0w3anuuh6wpiuh1npccjuw9qapao0iwkdp9dvg0.jpg","contentUrl":"https:\/\/wildsaharamerzouga.com\/wp-content\/uploads\/elementor\/thumbs\/campamento-scaled-rjg0w3anuuh6wpiuh1npccjuw9qapao0iwkdp9dvg0.jpg"},{"@type":"BreadcrumbList","@id":"https:\/\/wildsaharamerzouga.com\/campamento-en-merzouga\/#breadcrumb","itemListElement":[{"@type":"ListItem","position":1,"name":"Home","item":"https:\/\/wildsaharamerzouga.com\/"},{"@type":"ListItem","position":2,"name":"Campamento N\u00f3mada"}]},{"@type":"WebSite","@id":"https:\/\/wildsaharamerzouga.com\/#website","url":"https:\/\/wildsaharamerzouga.com\/","name":"Wild Sahara Merzouga","description":"Buggy Rentals and Tours in Merzouga","publisher":{"@id":"https:\/\/wildsaharamerzouga.com\/#organization"},"alternateName":"Buggy Wild Sahara Merzouga","potentialAction":[{"@type":"SearchAction","target":{"@type":"EntryPoint","urlTemplate":"https:\/\/wildsaharamerzouga.com\/?s={search_term_string}"},"query-input":{"@type":"PropertyValueSpecification","valueRequired":true,"valueName":"search_term_string"}}],"inLanguage":"en-US"},{"@type":"Organization","@id":"https:\/\/wildsaharamerzouga.com\/#organization","name":"Wild Sahara Merzouga","alternateName":"Buggies Wild Sahara Merzouga","url":"https:\/\/wildsaharamerzouga.com\/","logo":{"@type":"ImageObject","inLanguage":"en-US","@id":"https:\/\/wildsaharamerzouga.com\/#\/schema\/logo\/image\/","url":"https:\/\/wildsaharamerzouga.com\/wp-content\/uploads\/2026\/02\/cropped-logo3.png","contentUrl":"https:\/\/wildsaharamerzouga.com\/wp-content\/uploads\/2026\/02\/cropped-logo3.png","width":512,"height":442,"caption":"Wild Sahara Merzouga"},"image":{"@id":"https:\/\/wildsaharamerzouga.com\/#\/schema\/logo\/image\/"},"sameAs":["https:\/\/www.facebook.com\/profile.php?id=61587170723711","https:\/\/www.instagram.com\/wildsaharamerzouga\/"]}]}},"_links":{"self":[{"href":"https:\/\/wildsaharamerzouga.com\/en\/wp-json\/wp\/v2\/pages\/7599","targetHints":{"allow":["GET"]}}],"collection":[{"href":"https:\/\/wildsaharamerzouga.com\/en\/wp-json\/wp\/v2\/pages"}],"about":[{"href":"https:\/\/wildsaharamerzouga.com\/en\/wp-json\/wp\/v2\/types\/page"}],"author":[{"embeddable":true,"href":"https:\/\/wildsaharamerzouga.com\/en\/wp-json\/wp\/v2\/users\/1"}],"replies":[{"embeddable":true,"href":"https:\/\/wildsaharamerzouga.com\/en\/wp-json\/wp\/v2\/comments?post=7599"}],"version-history":[{"count":6,"href":"https:\/\/wildsaharamerzouga.com\/en\/wp-json\/wp\/v2\/pages\/7599\/revisions"}],"predecessor-version":[{"id":8974,"href":"https:\/\/wildsaharamerzouga.com\/en\/wp-json\/wp\/v2\/pages\/7599\/revisions\/8974"}],"wp:attachment":[{"href":"https:\/\/wildsaharamerzouga.com\/en\/wp-json\/wp\/v2\/media?parent=7599"}],"curies":[{"name":"wp","href":"https:\/\/api.w.org\/{rel}","templated":true}]}}