{"id":7601,"date":"2026-02-20T18:14:27","date_gmt":"2026-02-20T18:14:27","guid":{"rendered":"https:\/\/wildsaharamerzouga.com\/?page_id=7601"},"modified":"2026-03-04T19:20:05","modified_gmt":"2026-03-04T19:20:05","slug":"gastronomia-bereber","status":"publish","type":"page","link":"https:\/\/wildsaharamerzouga.com\/en\/gastronomia-bereber\/","title":{"rendered":"BERBER CUISINE"},"content":{"rendered":"<div data-elementor-type=\"wp-page\" data-elementor-id=\"7601\" class=\"elementor elementor-7601\">\n\t\t\t\t<div class=\"elementor-element elementor-element-e08aaef e-con-full e-flex e-con e-parent\" data-id=\"e08aaef\" data-element_type=\"container\" data-e-type=\"container\">\n\t\t\t\t<div class=\"elementor-element elementor-element-73f517a elementor-align-center subtitle-position-below elementor-widget elementor-widget-bexper-heading\" data-id=\"73f517a\" data-element_type=\"widget\" data-e-type=\"widget\" data-widget_type=\"bexper-heading.default\">\n\t\t\t\t<div class=\"elementor-widget-container\">\n\t\t\t\t\t<div class=\"elementor-heading-wrapper-inner\"><h1 class=\"elementor-heading-title elementor-size-default\">BERBER CUISINE\n<\/h1><div class=\"elementor-sub-title\">Flavors that tell a story<\/div><\/div>\t\t\t\t<\/div>\n\t\t\t\t<\/div>\n\t\t\t\t<\/div>\n\t\t<div class=\"elementor-element elementor-element-24e30884 e-con-full e-flex e-con e-parent\" data-id=\"24e30884\" data-element_type=\"container\" data-e-type=\"container\">\n\t\t\t\t<div class=\"elementor-element elementor-element-11eb0b58 elementor-widget__width-initial elementor-widget-tablet_extra__width-initial elementor-widget elementor-widget-text-editor\" data-id=\"11eb0b58\" data-element_type=\"widget\" data-e-type=\"widget\" data-widget_type=\"text-editor.default\">\n\t\t\t\t\t\t\t\t\t<p>Berber gastronomy is a treasure that every traveler must discover when visiting the Sahara Desert. For this reason, at Wild Sahara, we love to advise you and take you to the most authentic places in Merzouga, where you can taste millenary recipes prepared by local families.<\/p><h2 style=\"font-size: 24px; color: #662903; font-family: 'Oswald', sans-serif;\">Authentic flavors of Berber gastronomy<\/h2><p>The undisputed protagonist is the\u00a0<strong><a href=\"https:\/\/www.visitmorocco.com\/en\/travel-info\/food-drinks\" target=\"_blank\" rel=\"noopener\">tajine<\/a><\/strong>, a clay pot with a conical lid that concentrates aromas and flavors during hours of slow cooking. Lamb with prunes, chicken with olives, or vegetables with spices \u2014 each variant is a unique sensory journey.<br \/>The secret lies in the spices: cumin, turmeric, ginger, saffron, and the mythical ras el hanout, a blend that can contain up to 30 different ingredients.<\/p><p>The\u00a0<strong><a href=\"https:\/\/www.visitmorocco.com\/en\/travel-info\/food-drinks\" target=\"_blank\" rel=\"noopener\">Couscous<\/a><\/strong>, declared Intangible Cultural Heritage of Humanity by UNESCO, is the symbol of Berber coexistence. Made of steamed wheat semolina, it is served in the center of the table for everyone to share. In the Sahara, you will also find the so-called \"Berber pizza\" \u2014 a traditional bread cooked directly under the hot desert sand.<\/p><p>And to close, the ritual of\u00a0<strong><a href=\"https:\/\/es.wikipedia.org\/wiki\/T%C3%A9_moruno\" target=\"_blank\" rel=\"noopener\">mint tea<\/a><\/strong> \u2014 served three times, each time with a different flavor, always poured from a height to create foam. In Morocco, refusing a mint tea is refusing hospitality. In Merzouga, it is the beginning of any conversation.<\/p><p>Exploring <strong>Berber gastronomy<\/strong> is an essential part of any trip to the desert.<br \/>For this reason, at Wild Sahara, we recommend combining the tasting of these dishes with our <strong><a class=\"ng-star-inserted\" href=\"\/en\/nuestra-flota-buggies-merzouga\/\" target=\"_blank\" rel=\"noopener\" data-hveid=\"0\" data-ved=\"0CAAQ_4QMahgKEwibn7XtjPySAxUAAAAAHQAAAAAQhgM\">buggy routes<\/a><\/strong> for a complete experience.<br \/>Additionally, if you want to know more about where to eat during your stay, you can consult our <a class=\"ng-star-inserted\" href=\"\/en\/preguntas-frecuentes-merzouga\/\" target=\"_blank\" rel=\"noopener\" data-hveid=\"0\" data-ved=\"0CAAQ_4QMahgKEwibn7XtjPySAxUAAAAAHQAAAAAQhwM\">frequently asked questions<\/a> o <a class=\"ng-star-inserted\" href=\"\/en\/contacto\/\" target=\"_blank\" rel=\"noopener\" data-hveid=\"0\" data-ved=\"0CAAQ_4QMahgKEwibn7XtjPySAxUAAAAAHQAAAAAQiAM\">contact us<\/a>. In conclusion, every bite in Merzouga tells a thousand-year-old story that deserves to be enjoyed calmly.<\/p>\t\t\t\t\t\t\t\t<\/div>\n\t\t\t\t<div class=\"elementor-element elementor-element-753b7b5a elementor-widget__width-initial elementor-widget-laptop__width-initial elementor-widget-tablet_extra__width-initial elementor-widget-tablet__width-initial elementor-widget-mobile_extra__width-initial elementor-widget-mobile__width-initial elementor-widget elementor-widget-image\" data-id=\"753b7b5a\" data-element_type=\"widget\" data-e-type=\"widget\" data-widget_type=\"image.default\">\n\t\t\t\t\t\t\t\t\t\t\t\t\t\t\t<img decoding=\"async\" src=\"https:\/\/wildsaharamerzouga.com\/wp-content\/uploads\/elementor\/thumbs\/WhatsApp-Image-2026-02-20-at-12.25.11-1-rjg0wm3g9glzusuu4u8ikwz9vexr7yba3m5fexn2kg.jpeg\" title=\"\" alt=\"Plato de tajine bereber tradicional servido despu\u00e9s de un tour en buggy en Merzouga.\" loading=\"lazy\" \/>\t\t\t\t\t\t\t\t\t\t\t\t\t\t\t<\/div>\n\t\t\t\t<\/div>\n\t\t<div class=\"elementor-element elementor-element-46038062 e-flex e-con-boxed e-con e-parent\" data-id=\"46038062\" data-element_type=\"container\" data-e-type=\"container\" data-settings=\"{&quot;background_background&quot;:&quot;classic&quot;}\">\n\t\t\t\t\t<div class=\"e-con-inner\">\n\t\t\t\t<div class=\"elementor-element elementor-element-1350dba1 subtitle-position-above elementor-align-center elementor-widget elementor-widget-bexper-heading\" data-id=\"1350dba1\" data-element_type=\"widget\" data-e-type=\"widget\" data-widget_type=\"bexper-heading.default\">\n\t\t\t\t<div class=\"elementor-widget-container\">\n\t\t\t\t\t<div class=\"elementor-heading-wrapper-inner\"><h2 class=\"elementor-heading-title elementor-size-default\">BOOK YOUR EXPERIENCE<\/h2><div class=\"elementor-sub-title\">Ready to experience it?<\/div><\/div>\t\t\t\t<\/div>\n\t\t\t\t<\/div>\n\t\t\t\t<div class=\"elementor-element elementor-element-2e454674 elementor-widget elementor-widget-text-editor\" data-id=\"2e454674\" data-element_type=\"widget\" data-e-type=\"widget\" data-widget_type=\"text-editor.default\">\n\t\t\t\t\t\t\t\t\t<p>Message us and we\u2019ll tell you everything. <br \/>Our team is available to answer any questions and prepare your Sahara adventure.<\/p>\t\t\t\t\t\t\t\t<\/div>\n\t\t<div class=\"elementor-element elementor-element-3ac8b73 e-grid e-con-full e-con e-child\" data-id=\"3ac8b73\" data-element_type=\"container\" data-e-type=\"container\">\n\t\t\t\t<div class=\"elementor-element elementor-element-5e7c331c elementor-button-success elementor-widget elementor-widget-button\" data-id=\"5e7c331c\" data-element_type=\"widget\" data-e-type=\"widget\" data-widget_type=\"button.default\">\n\t\t\t\t\t\t\t\t\t\t<a class=\"elementor-button elementor-button-link elementor-size-sm\" href=\"https:\/\/wa.me\/34670434300?text=Hello%2C%20I%20would%20like%20to%20inquire%20about%20an%20experience%20in%20Merzouga\">\n\t\t\t\t\t\t<span class=\"elementor-button-content-wrapper\">\n\t\t\t\t\t\t<span class=\"elementor-button-icon\">\n\t\t\t\t<svg aria-hidden=\"true\" class=\"e-font-icon-svg e-fab-whatsapp\" viewbox=\"0 0 448 512\" xmlns=\"http:\/\/www.w3.org\/2000\/svg\"><path d=\"M380.9 97.1C339 55.1 283.2 32 223.9 32c-122.4 0-222 99.6-222 222 0 39.1 10.2 77.3 29.6 111L0 480l117.7-30.9c32.4 17.7 68.9 27 106.1 27h.1c122.3 0 224.1-99.6 224.1-222 0-59.3-25.2-115-67.1-157zm-157 341.6c-33.2 0-65.7-8.9-94-25.7l-6.7-4-69.8 18.3L72 359.2l-4.4-7c-18.5-29.4-28.2-63.3-28.2-98.2 0-101.7 82.8-184.5 184.6-184.5 49.3 0 95.6 19.2 130.4 54.1 34.8 34.9 56.2 81.2 56.1 130.5 0 101.8-84.9 184.6-186.6 184.6zm101.2-138.2c-5.5-2.8-32.8-16.2-37.9-18-5.1-1.9-8.8-2.8-12.5 2.8-3.7 5.6-14.3 18-17.6 21.8-3.2 3.7-6.5 4.2-12 1.4-32.6-16.3-54-29.1-75.5-66-5.7-9.8 5.7-9.1 16.3-30.3 1.8-3.7.9-6.9-.5-9.7-1.4-2.8-12.5-30.1-17.1-41.2-4.5-10.8-9.1-9.3-12.5-9.5-3.2-.2-6.9-.2-10.6-.2-3.7 0-9.7 1.4-14.8 6.9-5.1 5.6-19.4 19-19.4 46.3 0 27.3 19.9 53.7 22.6 57.4 2.8 3.7 39.1 59.7 94.8 83.8 35.2 15.2 49 16.5 66.6 13.9 10.7-1.6 32.8-13.4 37.4-26.4 4.6-13 4.6-24.1 3.2-26.4-1.3-2.5-5-3.9-10.5-6.6z\"><\/path><\/svg>\t\t\t<\/span>\n\t\t\t\t\t\t\t\t\t<span class=\"elementor-button-text\">MESSAGE US ON WHATSAPP<\/span>\n\t\t\t\t\t<\/span>\n\t\t\t\t\t<\/a>\n\t\t\t\t\t\t\t\t<\/div>\n\t\t\t\t<div class=\"elementor-element elementor-element-15e15b67 elementor-button-outline elementor-align-left elementor-widget elementor-widget-button\" data-id=\"15e15b67\" data-element_type=\"widget\" data-e-type=\"widget\" data-widget_type=\"button.default\">\n\t\t\t\t\t\t\t\t\t\t<a class=\"elementor-button elementor-button-link elementor-size-sm\" href=\"tel:+34618630046\">\n\t\t\t\t\t\t<span class=\"elementor-button-content-wrapper\">\n\t\t\t\t\t\t<span class=\"elementor-button-icon\">\n\t\t\t\t<i aria-hidden=\"true\" class=\"bexper-icon- bexper-icon-phone-call\"><\/i>\t\t\t<\/span>\n\t\t\t\t\t\t\t\t\t<span class=\"elementor-button-text\">+34 618 63 00 46<\/span>\n\t\t\t\t\t<\/span>\n\t\t\t\t\t<\/a>\n\t\t\t\t\t\t\t\t<\/div>\n\t\t\t\t<\/div>\n\t\t\t\t\t<\/div>\n\t\t\t\t<\/div>\n\t\t\t\t<\/div>","protected":false},"excerpt":{"rendered":"<p>Gastronom\u00eda Bereber Sabores que cuentan una historia La gastronom\u00eda bereber es un tesoro que todo viajero debe descubrir al visitar el desierto del Sahara. Por esta raz\u00f3n, en Wild Sahara nos encanta asesorarte y llevarte a los lugares m\u00e1s aut\u00e9nticos de Merzouga, donde podr\u00e1s probar recetas milenarias preparadas por familias locales. Sabores aut\u00e9nticos de la [&hellip;]<\/p>\n","protected":false},"author":1,"featured_media":0,"parent":0,"menu_order":0,"comment_status":"closed","ping_status":"closed","template":"","meta":{"inline_featured_image":false,"footnotes":""},"class_list":["post-7601","page","type-page","status-publish","hentry"],"yoast_head":"<!-- This site is optimized with the Yoast SEO plugin v27.3 - https:\/\/yoast.com\/product\/yoast-seo-wordpress\/ -->\n<title>Gastronom\u00eda Bereber: Sabores del Desierto | Wild Sahara<\/title>\n<meta name=\"description\" content=\"Descubre la gastronom\u00eda bereber en Merzouga. Prueba el tajine tradicional, el cusc\u00fas y el ritual del t\u00e9 de menta en el coraz\u00f3n del Sahara.\" \/>\n<meta name=\"robots\" content=\"index, follow, max-snippet:-1, max-image-preview:large, max-video-preview:-1\" \/>\n<link rel=\"canonical\" href=\"https:\/\/wildsaharamerzouga.com\/en\/gastronomia-bereber\/\" \/>\n<meta property=\"og:locale\" content=\"en_US\" \/>\n<meta property=\"og:type\" content=\"article\" \/>\n<meta property=\"og:title\" content=\"Gastronom\u00eda Bereber: Sabores del Desierto | Wild Sahara\" \/>\n<meta property=\"og:description\" content=\"Descubre la gastronom\u00eda bereber en Merzouga. Prueba el tajine tradicional, el cusc\u00fas y el ritual del t\u00e9 de menta en el coraz\u00f3n del Sahara.\" \/>\n<meta property=\"og:url\" content=\"https:\/\/wildsaharamerzouga.com\/en\/gastronomia-bereber\/\" \/>\n<meta property=\"og:site_name\" content=\"Wild Sahara Merzouga\" \/>\n<meta property=\"article:publisher\" content=\"https:\/\/www.facebook.com\/profile.php?id=61587170723711\" \/>\n<meta property=\"article:modified_time\" content=\"2026-03-04T19:20:05+00:00\" \/>\n<meta property=\"og:image\" content=\"https:\/\/wildsaharamerzouga.com\/wp-content\/uploads\/elementor\/thumbs\/WhatsApp-Image-2026-02-20-at-12.25.11-1-rjg0wm3g9glzusuu4u8ikwz9vexr7yba3m5fexn2kg.jpeg\" \/>\n<meta name=\"twitter:card\" content=\"summary_large_image\" \/>\n<meta name=\"twitter:label1\" content=\"Est. reading time\" \/>\n\t<meta name=\"twitter:data1\" content=\"2 minutes\" \/>\n<script type=\"application\/ld+json\" class=\"yoast-schema-graph\">{\"@context\":\"https:\\\/\\\/schema.org\",\"@graph\":[{\"@type\":\"WebPage\",\"@id\":\"https:\\\/\\\/wildsaharamerzouga.com\\\/gastronomia-bereber\\\/\",\"url\":\"https:\\\/\\\/wildsaharamerzouga.com\\\/gastronomia-bereber\\\/\",\"name\":\"Gastronom\u00eda Bereber: Sabores del Desierto | Wild Sahara\",\"isPartOf\":{\"@id\":\"https:\\\/\\\/wildsaharamerzouga.com\\\/#website\"},\"primaryImageOfPage\":{\"@id\":\"https:\\\/\\\/wildsaharamerzouga.com\\\/gastronomia-bereber\\\/#primaryimage\"},\"image\":{\"@id\":\"https:\\\/\\\/wildsaharamerzouga.com\\\/gastronomia-bereber\\\/#primaryimage\"},\"thumbnailUrl\":\"https:\\\/\\\/wildsaharamerzouga.com\\\/wp-content\\\/uploads\\\/elementor\\\/thumbs\\\/WhatsApp-Image-2026-02-20-at-12.25.11-1-rjg0wm3g9glzusuu4u8ikwz9vexr7yba3m5fexn2kg.jpeg\",\"datePublished\":\"2026-02-20T18:14:27+00:00\",\"dateModified\":\"2026-03-04T19:20:05+00:00\",\"description\":\"Descubre la gastronom\u00eda bereber en Merzouga. Prueba el tajine tradicional, el cusc\u00fas y el ritual del t\u00e9 de menta en el coraz\u00f3n del Sahara.\",\"breadcrumb\":{\"@id\":\"https:\\\/\\\/wildsaharamerzouga.com\\\/gastronomia-bereber\\\/#breadcrumb\"},\"inLanguage\":\"en-US\",\"potentialAction\":[{\"@type\":\"ReadAction\",\"target\":[\"https:\\\/\\\/wildsaharamerzouga.com\\\/gastronomia-bereber\\\/\"]}]},{\"@type\":\"ImageObject\",\"inLanguage\":\"en-US\",\"@id\":\"https:\\\/\\\/wildsaharamerzouga.com\\\/gastronomia-bereber\\\/#primaryimage\",\"url\":\"https:\\\/\\\/wildsaharamerzouga.com\\\/wp-content\\\/uploads\\\/elementor\\\/thumbs\\\/WhatsApp-Image-2026-02-20-at-12.25.11-1-rjg0wm3g9glzusuu4u8ikwz9vexr7yba3m5fexn2kg.jpeg\",\"contentUrl\":\"https:\\\/\\\/wildsaharamerzouga.com\\\/wp-content\\\/uploads\\\/elementor\\\/thumbs\\\/WhatsApp-Image-2026-02-20-at-12.25.11-1-rjg0wm3g9glzusuu4u8ikwz9vexr7yba3m5fexn2kg.jpeg\"},{\"@type\":\"BreadcrumbList\",\"@id\":\"https:\\\/\\\/wildsaharamerzouga.com\\\/gastronomia-bereber\\\/#breadcrumb\",\"itemListElement\":[{\"@type\":\"ListItem\",\"position\":1,\"name\":\"Home\",\"item\":\"https:\\\/\\\/wildsaharamerzouga.com\\\/\"},{\"@type\":\"ListItem\",\"position\":2,\"name\":\"Gastronom\u00eda Bereber\"}]},{\"@type\":\"WebSite\",\"@id\":\"https:\\\/\\\/wildsaharamerzouga.com\\\/#website\",\"url\":\"https:\\\/\\\/wildsaharamerzouga.com\\\/\",\"name\":\"Wild Sahara Merzouga\",\"description\":\"Alquiler de Buggies por tours en Merzouga\",\"publisher\":{\"@id\":\"https:\\\/\\\/wildsaharamerzouga.com\\\/#organization\"},\"alternateName\":\"Buggy Wild Sahara Merzouga\",\"potentialAction\":[{\"@type\":\"SearchAction\",\"target\":{\"@type\":\"EntryPoint\",\"urlTemplate\":\"https:\\\/\\\/wildsaharamerzouga.com\\\/?s={search_term_string}\"},\"query-input\":{\"@type\":\"PropertyValueSpecification\",\"valueRequired\":true,\"valueName\":\"search_term_string\"}}],\"inLanguage\":\"en-US\"},{\"@type\":\"Organization\",\"@id\":\"https:\\\/\\\/wildsaharamerzouga.com\\\/#organization\",\"name\":\"Wild Sahara Merzouga\",\"alternateName\":\"Buggies Wild Sahara Merzouga\",\"url\":\"https:\\\/\\\/wildsaharamerzouga.com\\\/\",\"logo\":{\"@type\":\"ImageObject\",\"inLanguage\":\"en-US\",\"@id\":\"https:\\\/\\\/wildsaharamerzouga.com\\\/#\\\/schema\\\/logo\\\/image\\\/\",\"url\":\"https:\\\/\\\/wildsaharamerzouga.com\\\/wp-content\\\/uploads\\\/2026\\\/02\\\/cropped-logo3.png\",\"contentUrl\":\"https:\\\/\\\/wildsaharamerzouga.com\\\/wp-content\\\/uploads\\\/2026\\\/02\\\/cropped-logo3.png\",\"width\":512,\"height\":442,\"caption\":\"Wild Sahara Merzouga\"},\"image\":{\"@id\":\"https:\\\/\\\/wildsaharamerzouga.com\\\/#\\\/schema\\\/logo\\\/image\\\/\"},\"sameAs\":[\"https:\\\/\\\/www.facebook.com\\\/profile.php?id=61587170723711\",\"https:\\\/\\\/www.instagram.com\\\/wildsaharamerzouga\\\/\"]}]}<\/script>\n<!-- \/ Yoast SEO plugin. -->","yoast_head_json":{"title":"Gastronom\u00eda Bereber: Sabores del Desierto | Wild Sahara","description":"Descubre la gastronom\u00eda bereber en Merzouga. Prueba el tajine tradicional, el cusc\u00fas y el ritual del t\u00e9 de menta en el coraz\u00f3n del Sahara.","robots":{"index":"index","follow":"follow","max-snippet":"max-snippet:-1","max-image-preview":"max-image-preview:large","max-video-preview":"max-video-preview:-1"},"canonical":"https:\/\/wildsaharamerzouga.com\/en\/gastronomia-bereber\/","og_locale":"en_US","og_type":"article","og_title":"Gastronom\u00eda Bereber: Sabores del Desierto | Wild Sahara","og_description":"Descubre la gastronom\u00eda bereber en Merzouga. Prueba el tajine tradicional, el cusc\u00fas y el ritual del t\u00e9 de menta en el coraz\u00f3n del Sahara.","og_url":"https:\/\/wildsaharamerzouga.com\/en\/gastronomia-bereber\/","og_site_name":"Wild Sahara Merzouga","article_publisher":"https:\/\/www.facebook.com\/profile.php?id=61587170723711","article_modified_time":"2026-03-04T19:20:05+00:00","og_image":[{"url":"https:\/\/wildsaharamerzouga.com\/wp-content\/uploads\/elementor\/thumbs\/WhatsApp-Image-2026-02-20-at-12.25.11-1-rjg0wm3g9glzusuu4u8ikwz9vexr7yba3m5fexn2kg.jpeg","type":"","width":"","height":""}],"twitter_card":"summary_large_image","twitter_misc":{"Est. reading time":"2 minutes"},"schema":{"@context":"https:\/\/schema.org","@graph":[{"@type":"WebPage","@id":"https:\/\/wildsaharamerzouga.com\/gastronomia-bereber\/","url":"https:\/\/wildsaharamerzouga.com\/gastronomia-bereber\/","name":"Gastronom\u00eda Bereber: Sabores del Desierto | Wild Sahara","isPartOf":{"@id":"https:\/\/wildsaharamerzouga.com\/#website"},"primaryImageOfPage":{"@id":"https:\/\/wildsaharamerzouga.com\/gastronomia-bereber\/#primaryimage"},"image":{"@id":"https:\/\/wildsaharamerzouga.com\/gastronomia-bereber\/#primaryimage"},"thumbnailUrl":"https:\/\/wildsaharamerzouga.com\/wp-content\/uploads\/elementor\/thumbs\/WhatsApp-Image-2026-02-20-at-12.25.11-1-rjg0wm3g9glzusuu4u8ikwz9vexr7yba3m5fexn2kg.jpeg","datePublished":"2026-02-20T18:14:27+00:00","dateModified":"2026-03-04T19:20:05+00:00","description":"Descubre la gastronom\u00eda bereber en Merzouga. Prueba el tajine tradicional, el cusc\u00fas y el ritual del t\u00e9 de menta en el coraz\u00f3n del Sahara.","breadcrumb":{"@id":"https:\/\/wildsaharamerzouga.com\/gastronomia-bereber\/#breadcrumb"},"inLanguage":"en-US","potentialAction":[{"@type":"ReadAction","target":["https:\/\/wildsaharamerzouga.com\/gastronomia-bereber\/"]}]},{"@type":"ImageObject","inLanguage":"en-US","@id":"https:\/\/wildsaharamerzouga.com\/gastronomia-bereber\/#primaryimage","url":"https:\/\/wildsaharamerzouga.com\/wp-content\/uploads\/elementor\/thumbs\/WhatsApp-Image-2026-02-20-at-12.25.11-1-rjg0wm3g9glzusuu4u8ikwz9vexr7yba3m5fexn2kg.jpeg","contentUrl":"https:\/\/wildsaharamerzouga.com\/wp-content\/uploads\/elementor\/thumbs\/WhatsApp-Image-2026-02-20-at-12.25.11-1-rjg0wm3g9glzusuu4u8ikwz9vexr7yba3m5fexn2kg.jpeg"},{"@type":"BreadcrumbList","@id":"https:\/\/wildsaharamerzouga.com\/gastronomia-bereber\/#breadcrumb","itemListElement":[{"@type":"ListItem","position":1,"name":"Home","item":"https:\/\/wildsaharamerzouga.com\/"},{"@type":"ListItem","position":2,"name":"Gastronom\u00eda Bereber"}]},{"@type":"WebSite","@id":"https:\/\/wildsaharamerzouga.com\/#website","url":"https:\/\/wildsaharamerzouga.com\/","name":"Wild Sahara Merzouga","description":"Buggy Rentals and Tours in Merzouga","publisher":{"@id":"https:\/\/wildsaharamerzouga.com\/#organization"},"alternateName":"Buggy Wild Sahara Merzouga","potentialAction":[{"@type":"SearchAction","target":{"@type":"EntryPoint","urlTemplate":"https:\/\/wildsaharamerzouga.com\/?s={search_term_string}"},"query-input":{"@type":"PropertyValueSpecification","valueRequired":true,"valueName":"search_term_string"}}],"inLanguage":"en-US"},{"@type":"Organization","@id":"https:\/\/wildsaharamerzouga.com\/#organization","name":"Wild Sahara Merzouga","alternateName":"Buggies Wild Sahara Merzouga","url":"https:\/\/wildsaharamerzouga.com\/","logo":{"@type":"ImageObject","inLanguage":"en-US","@id":"https:\/\/wildsaharamerzouga.com\/#\/schema\/logo\/image\/","url":"https:\/\/wildsaharamerzouga.com\/wp-content\/uploads\/2026\/02\/cropped-logo3.png","contentUrl":"https:\/\/wildsaharamerzouga.com\/wp-content\/uploads\/2026\/02\/cropped-logo3.png","width":512,"height":442,"caption":"Wild Sahara Merzouga"},"image":{"@id":"https:\/\/wildsaharamerzouga.com\/#\/schema\/logo\/image\/"},"sameAs":["https:\/\/www.facebook.com\/profile.php?id=61587170723711","https:\/\/www.instagram.com\/wildsaharamerzouga\/"]}]}},"_links":{"self":[{"href":"https:\/\/wildsaharamerzouga.com\/en\/wp-json\/wp\/v2\/pages\/7601","targetHints":{"allow":["GET"]}}],"collection":[{"href":"https:\/\/wildsaharamerzouga.com\/en\/wp-json\/wp\/v2\/pages"}],"about":[{"href":"https:\/\/wildsaharamerzouga.com\/en\/wp-json\/wp\/v2\/types\/page"}],"author":[{"embeddable":true,"href":"https:\/\/wildsaharamerzouga.com\/en\/wp-json\/wp\/v2\/users\/1"}],"replies":[{"embeddable":true,"href":"https:\/\/wildsaharamerzouga.com\/en\/wp-json\/wp\/v2\/comments?post=7601"}],"version-history":[{"count":6,"href":"https:\/\/wildsaharamerzouga.com\/en\/wp-json\/wp\/v2\/pages\/7601\/revisions"}],"predecessor-version":[{"id":9017,"href":"https:\/\/wildsaharamerzouga.com\/en\/wp-json\/wp\/v2\/pages\/7601\/revisions\/9017"}],"wp:attachment":[{"href":"https:\/\/wildsaharamerzouga.com\/en\/wp-json\/wp\/v2\/media?parent=7601"}],"curies":[{"name":"wp","href":"https:\/\/api.w.org\/{rel}","templated":true}]}}