{"id":7603,"date":"2026-02-20T18:14:43","date_gmt":"2026-02-20T18:14:43","guid":{"rendered":"https:\/\/wildsaharamerzouga.com\/?page_id=7603"},"modified":"2026-03-04T19:24:41","modified_gmt":"2026-03-04T19:24:41","slug":"cielo-nocturno-merzouga","status":"publish","type":"page","link":"https:\/\/wildsaharamerzouga.com\/en\/cielo-nocturno-merzouga\/","title":{"rendered":"STARRY NIGHT SKY"},"content":{"rendered":"<div data-elementor-type=\"wp-page\" data-elementor-id=\"7603\" class=\"elementor elementor-7603\">\n\t\t\t\t<div class=\"elementor-element elementor-element-0c09e18 e-con-full e-flex e-con e-parent\" data-id=\"0c09e18\" data-element_type=\"container\" data-e-type=\"container\">\n\t\t\t\t<div class=\"elementor-element elementor-element-70c7eea elementor-align-center subtitle-position-below elementor-widget elementor-widget-bexper-heading\" data-id=\"70c7eea\" data-element_type=\"widget\" data-e-type=\"widget\" data-widget_type=\"bexper-heading.default\">\n\t\t\t\t<div class=\"elementor-widget-container\">\n\t\t\t\t\t<div class=\"elementor-heading-wrapper-inner\"><h1 class=\"elementor-heading-title elementor-size-default\">STARRY NIGHT SKY\n<\/h1><div class=\"elementor-sub-title\">The universe at your fingertips<\/div><\/div>\t\t\t\t<\/div>\n\t\t\t\t<\/div>\n\t\t\t\t<\/div>\n\t\t<div class=\"elementor-element elementor-element-208c3a0d e-con-full e-flex e-con e-parent\" data-id=\"208c3a0d\" data-element_type=\"container\" data-e-type=\"container\">\n\t\t\t\t<div class=\"elementor-element elementor-element-b47648f elementor-widget__width-initial elementor-widget-tablet_extra__width-initial elementor-widget elementor-widget-text-editor\" data-id=\"b47648f\" data-element_type=\"widget\" data-e-type=\"widget\" data-widget_type=\"text-editor.default\">\n\t\t\t\t\t\t\t\t\t<p>Contemplating the night sky in Merzouga is one of the most breathtaking experiences the desert offers.<br \/>For this reason, the total absence of light pollution turns the dunes of <a href=\"https:\/\/es.wikipedia.org\/wiki\/Erg_Chebbi\">Erg Chebbi<\/a> into a unique natural observatory in the world, where the universe seems to be at your fingertips.<\/p><p>There are experiences that change one's perspective forever. Lying on the sand of the\u00a0<a href=\"https:\/\/www.visitmorocco.com\/en\/see-do\/nature\/infinite-emotions-great-south\">Sahara Desert<\/a>\u00a0at night and looking up is one of them. <br \/>No buildings, no streetlights, no noise \u2014 just you and a sky that seems infinite.<\/p><h2 style=\"font-size: 24px; color: #662903; font-family: 'Oswald', sans-serif;\">The Milky Way over the Merzouga night sky<\/h2><p data-path-to-node=\"9,2\">Merzouga is one of the places with the lowest light pollution in North Africa. This turns it into a paradise for astronomical observation. Furthermore, the Milky Way unfolds with impressive clarity, constellations seem to have a life of their own, and shooting stars cross the firmament with a frequency that surprises first-time visitors.<\/p><p data-path-to-node=\"9,3\">It is estimated that a large part of the world's population can no longer see our galaxy from their cities. However, in the desert, it is part of the habitual landscape. <br \/>The open horizon and arid climate create almost perfect atmospheric conditions for contemplating the cosmos. In conclusion, it is an activity that puts into perspective how small we are.<\/p><p data-path-to-node=\"9,4\">Many travelers decide to live this experience after taking one of our <a class=\"ng-star-inserted\" href=\"\/en\/nuestra-flota-buggies-merzouga\/\" target=\"_blank\" rel=\"noopener\" data-hveid=\"0\" data-ved=\"0CAAQ_4QMahgKEwibn7XtjPySAxUAAAAAHQAAAAAQnQQ\">buggy routes<\/a> at sunset. <br \/>If you have doubts about the best time to see the stars, you can consult our <a class=\"ng-star-inserted\" href=\"\/en\/preguntas-frecuentes-merzouga\/\" target=\"_blank\" rel=\"noopener\" data-hveid=\"0\" data-ved=\"0CAAQ_4QMahgKEwibn7XtjPySAxUAAAAAHQAAAAAQngQ\">frequently asked questions<\/a> or write to us directly via <a class=\"ng-star-inserted\" href=\"\/en\/contacto\/\" target=\"_blank\" rel=\"noopener\" data-hveid=\"0\" data-ved=\"0CAAQ_4QMahgKEwibn7XtjPySAxUAAAAAHQAAAAAQnwQ\">contact<\/a>.<\/p>\t\t\t\t\t\t\t\t<\/div>\n\t\t\t\t<div class=\"elementor-element elementor-element-16345108 elementor-widget-tablet_extra__width-initial elementor-widget elementor-widget-image\" data-id=\"16345108\" data-element_type=\"widget\" data-e-type=\"widget\" data-widget_type=\"image.default\">\n\t\t\t\t\t\t\t\t\t\t\t\t\t\t\t<img decoding=\"async\" src=\"https:\/\/wildsaharamerzouga.com\/wp-content\/uploads\/elementor\/thumbs\/cielo-nocturno-rjg177pw4cbepvyhhfnf2201mo0y3f7eesxk2wx1bk.jpg\" title=\"cielo-nocturno\" alt=\"Cielo nocturno en Merzouga con la V\u00eda L\u00e1ctea y estrellas sobre las dunas del Sahara\" loading=\"lazy\" \/>\t\t\t\t\t\t\t\t\t\t\t\t\t\t\t<\/div>\n\t\t\t\t<\/div>\n\t\t<div class=\"elementor-element elementor-element-46b0bd7f e-flex e-con-boxed e-con e-parent\" data-id=\"46b0bd7f\" data-element_type=\"container\" data-e-type=\"container\" data-settings=\"{&quot;background_background&quot;:&quot;classic&quot;}\">\n\t\t\t\t\t<div class=\"e-con-inner\">\n\t\t\t\t<div class=\"elementor-element elementor-element-37d673a subtitle-position-above elementor-align-center elementor-widget elementor-widget-bexper-heading\" data-id=\"37d673a\" data-element_type=\"widget\" data-e-type=\"widget\" data-widget_type=\"bexper-heading.default\">\n\t\t\t\t<div class=\"elementor-widget-container\">\n\t\t\t\t\t<div class=\"elementor-heading-wrapper-inner\"><h2 class=\"elementor-heading-title elementor-size-default\">BOOK YOUR EXPERIENCE<\/h2><div class=\"elementor-sub-title\">Ready to experience it?<\/div><\/div>\t\t\t\t<\/div>\n\t\t\t\t<\/div>\n\t\t\t\t<div class=\"elementor-element elementor-element-4d8e9d57 elementor-widget elementor-widget-text-editor\" data-id=\"4d8e9d57\" data-element_type=\"widget\" data-e-type=\"widget\" data-widget_type=\"text-editor.default\">\n\t\t\t\t\t\t\t\t\t<p>Message us and we\u2019ll tell you everything. <br \/>Our team is available to answer any questions and prepare your Sahara adventure.<\/p>\t\t\t\t\t\t\t\t<\/div>\n\t\t<div class=\"elementor-element elementor-element-5ecd8507 e-grid e-con-full e-con e-child\" data-id=\"5ecd8507\" data-element_type=\"container\" data-e-type=\"container\">\n\t\t\t\t<div class=\"elementor-element elementor-element-7ee9d529 elementor-button-success e-transform elementor-widget elementor-widget-button\" data-id=\"7ee9d529\" data-element_type=\"widget\" data-e-type=\"widget\" data-settings=\"{&quot;_transform_scale_effect_hover&quot;:{&quot;unit&quot;:&quot;px&quot;,&quot;size&quot;:1.1,&quot;sizes&quot;:[]},&quot;_transform_scale_effect_hover_laptop&quot;:{&quot;unit&quot;:&quot;px&quot;,&quot;size&quot;:&quot;&quot;,&quot;sizes&quot;:[]},&quot;_transform_scale_effect_hover_tablet_extra&quot;:{&quot;unit&quot;:&quot;px&quot;,&quot;size&quot;:&quot;&quot;,&quot;sizes&quot;:[]},&quot;_transform_scale_effect_hover_tablet&quot;:{&quot;unit&quot;:&quot;px&quot;,&quot;size&quot;:&quot;&quot;,&quot;sizes&quot;:[]},&quot;_transform_scale_effect_hover_mobile_extra&quot;:{&quot;unit&quot;:&quot;px&quot;,&quot;size&quot;:&quot;&quot;,&quot;sizes&quot;:[]},&quot;_transform_scale_effect_hover_mobile&quot;:{&quot;unit&quot;:&quot;px&quot;,&quot;size&quot;:&quot;&quot;,&quot;sizes&quot;:[]}}\" data-widget_type=\"button.default\">\n\t\t\t\t\t\t\t\t\t\t<a class=\"elementor-button elementor-button-link elementor-size-sm\" href=\"https:\/\/wa.me\/34670434300?text=Hello%2C%20I%20would%20like%20to%20inquire%20about%20an%20experience%20in%20Merzouga\">\n\t\t\t\t\t\t<span class=\"elementor-button-content-wrapper\">\n\t\t\t\t\t\t<span class=\"elementor-button-icon\">\n\t\t\t\t<svg aria-hidden=\"true\" class=\"e-font-icon-svg e-fab-whatsapp\" viewbox=\"0 0 448 512\" xmlns=\"http:\/\/www.w3.org\/2000\/svg\"><path d=\"M380.9 97.1C339 55.1 283.2 32 223.9 32c-122.4 0-222 99.6-222 222 0 39.1 10.2 77.3 29.6 111L0 480l117.7-30.9c32.4 17.7 68.9 27 106.1 27h.1c122.3 0 224.1-99.6 224.1-222 0-59.3-25.2-115-67.1-157zm-157 341.6c-33.2 0-65.7-8.9-94-25.7l-6.7-4-69.8 18.3L72 359.2l-4.4-7c-18.5-29.4-28.2-63.3-28.2-98.2 0-101.7 82.8-184.5 184.6-184.5 49.3 0 95.6 19.2 130.4 54.1 34.8 34.9 56.2 81.2 56.1 130.5 0 101.8-84.9 184.6-186.6 184.6zm101.2-138.2c-5.5-2.8-32.8-16.2-37.9-18-5.1-1.9-8.8-2.8-12.5 2.8-3.7 5.6-14.3 18-17.6 21.8-3.2 3.7-6.5 4.2-12 1.4-32.6-16.3-54-29.1-75.5-66-5.7-9.8 5.7-9.1 16.3-30.3 1.8-3.7.9-6.9-.5-9.7-1.4-2.8-12.5-30.1-17.1-41.2-4.5-10.8-9.1-9.3-12.5-9.5-3.2-.2-6.9-.2-10.6-.2-3.7 0-9.7 1.4-14.8 6.9-5.1 5.6-19.4 19-19.4 46.3 0 27.3 19.9 53.7 22.6 57.4 2.8 3.7 39.1 59.7 94.8 83.8 35.2 15.2 49 16.5 66.6 13.9 10.7-1.6 32.8-13.4 37.4-26.4 4.6-13 4.6-24.1 3.2-26.4-1.3-2.5-5-3.9-10.5-6.6z\"><\/path><\/svg>\t\t\t<\/span>\n\t\t\t\t\t\t\t\t\t<span class=\"elementor-button-text\">MESSAGE US ON WHATSAPP<\/span>\n\t\t\t\t\t<\/span>\n\t\t\t\t\t<\/a>\n\t\t\t\t\t\t\t\t<\/div>\n\t\t\t\t<div class=\"elementor-element elementor-element-776d103 elementor-button-outline elementor-align-left elementor-widget elementor-widget-button\" data-id=\"776d103\" data-element_type=\"widget\" data-e-type=\"widget\" data-widget_type=\"button.default\">\n\t\t\t\t\t\t\t\t\t\t<a class=\"elementor-button elementor-button-link elementor-size-sm\" href=\"tel:+34618630046\">\n\t\t\t\t\t\t<span class=\"elementor-button-content-wrapper\">\n\t\t\t\t\t\t<span class=\"elementor-button-icon\">\n\t\t\t\t<i aria-hidden=\"true\" class=\"bexper-icon- bexper-icon-phone-call\"><\/i>\t\t\t<\/span>\n\t\t\t\t\t\t\t\t\t<span class=\"elementor-button-text\">+34 618 63 00 46<\/span>\n\t\t\t\t\t<\/span>\n\t\t\t\t\t<\/a>\n\t\t\t\t\t\t\t\t<\/div>\n\t\t\t\t<\/div>\n\t\t\t\t\t<\/div>\n\t\t\t\t<\/div>\n\t\t\t\t<\/div>","protected":false},"excerpt":{"rendered":"<p>Cielo Nocturno El universo al alcance de tu mano Contemplar el cielo nocturno en Merzouga es una de las experiencias m\u00e1s sobrecogedoras que ofrece el desierto. Por esta raz\u00f3n, la ausencia total de contaminaci\u00f3n lum\u00ednica convierte a las dunas de Erg Chebbi en un observatorio natural \u00fanico en el mundo, donde el universo parece estar [&hellip;]<\/p>\n","protected":false},"author":1,"featured_media":0,"parent":0,"menu_order":0,"comment_status":"closed","ping_status":"closed","template":"","meta":{"inline_featured_image":false,"footnotes":""},"class_list":["post-7603","page","type-page","status-publish","hentry"],"yoast_head":"<!-- This site is optimized with the Yoast SEO plugin v27.3 - https:\/\/yoast.com\/product\/yoast-seo-wordpress\/ -->\n<title>Cielo nocturno en Merzouga: Estrellas en el Sahara | Wild Sahara<\/title>\n<meta name=\"description\" content=\"Disfruta del cielo nocturno en Merzouga. Observa la V\u00eda L\u00e1ctea y las estrellas en el desierto del Sahara con la gu\u00eda experta de Wild Sahara.\" \/>\n<meta name=\"robots\" content=\"index, follow, max-snippet:-1, max-image-preview:large, max-video-preview:-1\" \/>\n<link rel=\"canonical\" href=\"https:\/\/wildsaharamerzouga.com\/en\/cielo-nocturno-merzouga\/\" \/>\n<meta property=\"og:locale\" content=\"en_US\" \/>\n<meta property=\"og:type\" content=\"article\" \/>\n<meta property=\"og:title\" content=\"Cielo nocturno en Merzouga: Estrellas en el Sahara | Wild Sahara\" \/>\n<meta property=\"og:description\" content=\"Disfruta del cielo nocturno en Merzouga. Observa la V\u00eda L\u00e1ctea y las estrellas en el desierto del Sahara con la gu\u00eda experta de Wild Sahara.\" \/>\n<meta property=\"og:url\" content=\"https:\/\/wildsaharamerzouga.com\/en\/cielo-nocturno-merzouga\/\" \/>\n<meta property=\"og:site_name\" content=\"Wild Sahara Merzouga\" \/>\n<meta property=\"article:publisher\" content=\"https:\/\/www.facebook.com\/profile.php?id=61587170723711\" \/>\n<meta property=\"article:modified_time\" content=\"2026-03-04T19:24:41+00:00\" \/>\n<meta property=\"og:image\" content=\"https:\/\/wildsaharamerzouga.com\/wp-content\/uploads\/elementor\/thumbs\/cielo-nocturno-rjg177pw4cbepvyhhfnf2201mo0y3f7eesxk2wx1bk.jpg\" \/>\n<meta name=\"twitter:card\" content=\"summary_large_image\" \/>\n<meta name=\"twitter:label1\" content=\"Est. reading time\" \/>\n\t<meta name=\"twitter:data1\" content=\"2 minutes\" \/>\n<script type=\"application\/ld+json\" class=\"yoast-schema-graph\">{\"@context\":\"https:\\\/\\\/schema.org\",\"@graph\":[{\"@type\":\"WebPage\",\"@id\":\"https:\\\/\\\/wildsaharamerzouga.com\\\/cielo-nocturno-merzouga\\\/\",\"url\":\"https:\\\/\\\/wildsaharamerzouga.com\\\/cielo-nocturno-merzouga\\\/\",\"name\":\"Cielo nocturno en Merzouga: Estrellas en el Sahara | Wild Sahara\",\"isPartOf\":{\"@id\":\"https:\\\/\\\/wildsaharamerzouga.com\\\/#website\"},\"primaryImageOfPage\":{\"@id\":\"https:\\\/\\\/wildsaharamerzouga.com\\\/cielo-nocturno-merzouga\\\/#primaryimage\"},\"image\":{\"@id\":\"https:\\\/\\\/wildsaharamerzouga.com\\\/cielo-nocturno-merzouga\\\/#primaryimage\"},\"thumbnailUrl\":\"https:\\\/\\\/wildsaharamerzouga.com\\\/wp-content\\\/uploads\\\/elementor\\\/thumbs\\\/cielo-nocturno-rjg177pw4cbepvyhhfnf2201mo0y3f7eesxk2wx1bk.jpg\",\"datePublished\":\"2026-02-20T18:14:43+00:00\",\"dateModified\":\"2026-03-04T19:24:41+00:00\",\"description\":\"Disfruta del cielo nocturno en Merzouga. Observa la V\u00eda L\u00e1ctea y las estrellas en el desierto del Sahara con la gu\u00eda experta de Wild Sahara.\",\"breadcrumb\":{\"@id\":\"https:\\\/\\\/wildsaharamerzouga.com\\\/cielo-nocturno-merzouga\\\/#breadcrumb\"},\"inLanguage\":\"en-US\",\"potentialAction\":[{\"@type\":\"ReadAction\",\"target\":[\"https:\\\/\\\/wildsaharamerzouga.com\\\/cielo-nocturno-merzouga\\\/\"]}]},{\"@type\":\"ImageObject\",\"inLanguage\":\"en-US\",\"@id\":\"https:\\\/\\\/wildsaharamerzouga.com\\\/cielo-nocturno-merzouga\\\/#primaryimage\",\"url\":\"https:\\\/\\\/wildsaharamerzouga.com\\\/wp-content\\\/uploads\\\/elementor\\\/thumbs\\\/cielo-nocturno-rjg177pw4cbepvyhhfnf2201mo0y3f7eesxk2wx1bk.jpg\",\"contentUrl\":\"https:\\\/\\\/wildsaharamerzouga.com\\\/wp-content\\\/uploads\\\/elementor\\\/thumbs\\\/cielo-nocturno-rjg177pw4cbepvyhhfnf2201mo0y3f7eesxk2wx1bk.jpg\"},{\"@type\":\"BreadcrumbList\",\"@id\":\"https:\\\/\\\/wildsaharamerzouga.com\\\/cielo-nocturno-merzouga\\\/#breadcrumb\",\"itemListElement\":[{\"@type\":\"ListItem\",\"position\":1,\"name\":\"Home\",\"item\":\"https:\\\/\\\/wildsaharamerzouga.com\\\/\"},{\"@type\":\"ListItem\",\"position\":2,\"name\":\"Cielo Nocturno\"}]},{\"@type\":\"WebSite\",\"@id\":\"https:\\\/\\\/wildsaharamerzouga.com\\\/#website\",\"url\":\"https:\\\/\\\/wildsaharamerzouga.com\\\/\",\"name\":\"Wild Sahara Merzouga\",\"description\":\"Alquiler de Buggies por tours en Merzouga\",\"publisher\":{\"@id\":\"https:\\\/\\\/wildsaharamerzouga.com\\\/#organization\"},\"alternateName\":\"Buggy Wild Sahara Merzouga\",\"potentialAction\":[{\"@type\":\"SearchAction\",\"target\":{\"@type\":\"EntryPoint\",\"urlTemplate\":\"https:\\\/\\\/wildsaharamerzouga.com\\\/?s={search_term_string}\"},\"query-input\":{\"@type\":\"PropertyValueSpecification\",\"valueRequired\":true,\"valueName\":\"search_term_string\"}}],\"inLanguage\":\"en-US\"},{\"@type\":\"Organization\",\"@id\":\"https:\\\/\\\/wildsaharamerzouga.com\\\/#organization\",\"name\":\"Wild Sahara Merzouga\",\"alternateName\":\"Buggies Wild Sahara Merzouga\",\"url\":\"https:\\\/\\\/wildsaharamerzouga.com\\\/\",\"logo\":{\"@type\":\"ImageObject\",\"inLanguage\":\"en-US\",\"@id\":\"https:\\\/\\\/wildsaharamerzouga.com\\\/#\\\/schema\\\/logo\\\/image\\\/\",\"url\":\"https:\\\/\\\/wildsaharamerzouga.com\\\/wp-content\\\/uploads\\\/2026\\\/02\\\/cropped-logo3.png\",\"contentUrl\":\"https:\\\/\\\/wildsaharamerzouga.com\\\/wp-content\\\/uploads\\\/2026\\\/02\\\/cropped-logo3.png\",\"width\":512,\"height\":442,\"caption\":\"Wild Sahara Merzouga\"},\"image\":{\"@id\":\"https:\\\/\\\/wildsaharamerzouga.com\\\/#\\\/schema\\\/logo\\\/image\\\/\"},\"sameAs\":[\"https:\\\/\\\/www.facebook.com\\\/profile.php?id=61587170723711\",\"https:\\\/\\\/www.instagram.com\\\/wildsaharamerzouga\\\/\"]}]}<\/script>\n<!-- \/ Yoast SEO plugin. -->","yoast_head_json":{"title":"Cielo nocturno en Merzouga: Estrellas en el Sahara | Wild Sahara","description":"Disfruta del cielo nocturno en Merzouga. Observa la V\u00eda L\u00e1ctea y las estrellas en el desierto del Sahara con la gu\u00eda experta de Wild Sahara.","robots":{"index":"index","follow":"follow","max-snippet":"max-snippet:-1","max-image-preview":"max-image-preview:large","max-video-preview":"max-video-preview:-1"},"canonical":"https:\/\/wildsaharamerzouga.com\/en\/cielo-nocturno-merzouga\/","og_locale":"en_US","og_type":"article","og_title":"Cielo nocturno en Merzouga: Estrellas en el Sahara | Wild Sahara","og_description":"Disfruta del cielo nocturno en Merzouga. Observa la V\u00eda L\u00e1ctea y las estrellas en el desierto del Sahara con la gu\u00eda experta de Wild Sahara.","og_url":"https:\/\/wildsaharamerzouga.com\/en\/cielo-nocturno-merzouga\/","og_site_name":"Wild Sahara Merzouga","article_publisher":"https:\/\/www.facebook.com\/profile.php?id=61587170723711","article_modified_time":"2026-03-04T19:24:41+00:00","og_image":[{"url":"https:\/\/wildsaharamerzouga.com\/wp-content\/uploads\/elementor\/thumbs\/cielo-nocturno-rjg177pw4cbepvyhhfnf2201mo0y3f7eesxk2wx1bk.jpg","type":"","width":"","height":""}],"twitter_card":"summary_large_image","twitter_misc":{"Est. reading time":"2 minutes"},"schema":{"@context":"https:\/\/schema.org","@graph":[{"@type":"WebPage","@id":"https:\/\/wildsaharamerzouga.com\/cielo-nocturno-merzouga\/","url":"https:\/\/wildsaharamerzouga.com\/cielo-nocturno-merzouga\/","name":"Cielo nocturno en Merzouga: Estrellas en el Sahara | Wild Sahara","isPartOf":{"@id":"https:\/\/wildsaharamerzouga.com\/#website"},"primaryImageOfPage":{"@id":"https:\/\/wildsaharamerzouga.com\/cielo-nocturno-merzouga\/#primaryimage"},"image":{"@id":"https:\/\/wildsaharamerzouga.com\/cielo-nocturno-merzouga\/#primaryimage"},"thumbnailUrl":"https:\/\/wildsaharamerzouga.com\/wp-content\/uploads\/elementor\/thumbs\/cielo-nocturno-rjg177pw4cbepvyhhfnf2201mo0y3f7eesxk2wx1bk.jpg","datePublished":"2026-02-20T18:14:43+00:00","dateModified":"2026-03-04T19:24:41+00:00","description":"Disfruta del cielo nocturno en Merzouga. Observa la V\u00eda L\u00e1ctea y las estrellas en el desierto del Sahara con la gu\u00eda experta de Wild Sahara.","breadcrumb":{"@id":"https:\/\/wildsaharamerzouga.com\/cielo-nocturno-merzouga\/#breadcrumb"},"inLanguage":"en-US","potentialAction":[{"@type":"ReadAction","target":["https:\/\/wildsaharamerzouga.com\/cielo-nocturno-merzouga\/"]}]},{"@type":"ImageObject","inLanguage":"en-US","@id":"https:\/\/wildsaharamerzouga.com\/cielo-nocturno-merzouga\/#primaryimage","url":"https:\/\/wildsaharamerzouga.com\/wp-content\/uploads\/elementor\/thumbs\/cielo-nocturno-rjg177pw4cbepvyhhfnf2201mo0y3f7eesxk2wx1bk.jpg","contentUrl":"https:\/\/wildsaharamerzouga.com\/wp-content\/uploads\/elementor\/thumbs\/cielo-nocturno-rjg177pw4cbepvyhhfnf2201mo0y3f7eesxk2wx1bk.jpg"},{"@type":"BreadcrumbList","@id":"https:\/\/wildsaharamerzouga.com\/cielo-nocturno-merzouga\/#breadcrumb","itemListElement":[{"@type":"ListItem","position":1,"name":"Home","item":"https:\/\/wildsaharamerzouga.com\/"},{"@type":"ListItem","position":2,"name":"Cielo Nocturno"}]},{"@type":"WebSite","@id":"https:\/\/wildsaharamerzouga.com\/#website","url":"https:\/\/wildsaharamerzouga.com\/","name":"Wild Sahara Merzouga","description":"Buggy Rentals and Tours in Merzouga","publisher":{"@id":"https:\/\/wildsaharamerzouga.com\/#organization"},"alternateName":"Buggy Wild Sahara Merzouga","potentialAction":[{"@type":"SearchAction","target":{"@type":"EntryPoint","urlTemplate":"https:\/\/wildsaharamerzouga.com\/?s={search_term_string}"},"query-input":{"@type":"PropertyValueSpecification","valueRequired":true,"valueName":"search_term_string"}}],"inLanguage":"en-US"},{"@type":"Organization","@id":"https:\/\/wildsaharamerzouga.com\/#organization","name":"Wild Sahara Merzouga","alternateName":"Buggies Wild Sahara Merzouga","url":"https:\/\/wildsaharamerzouga.com\/","logo":{"@type":"ImageObject","inLanguage":"en-US","@id":"https:\/\/wildsaharamerzouga.com\/#\/schema\/logo\/image\/","url":"https:\/\/wildsaharamerzouga.com\/wp-content\/uploads\/2026\/02\/cropped-logo3.png","contentUrl":"https:\/\/wildsaharamerzouga.com\/wp-content\/uploads\/2026\/02\/cropped-logo3.png","width":512,"height":442,"caption":"Wild Sahara Merzouga"},"image":{"@id":"https:\/\/wildsaharamerzouga.com\/#\/schema\/logo\/image\/"},"sameAs":["https:\/\/www.facebook.com\/profile.php?id=61587170723711","https:\/\/www.instagram.com\/wildsaharamerzouga\/"]}]}},"_links":{"self":[{"href":"https:\/\/wildsaharamerzouga.com\/en\/wp-json\/wp\/v2\/pages\/7603","targetHints":{"allow":["GET"]}}],"collection":[{"href":"https:\/\/wildsaharamerzouga.com\/en\/wp-json\/wp\/v2\/pages"}],"about":[{"href":"https:\/\/wildsaharamerzouga.com\/en\/wp-json\/wp\/v2\/types\/page"}],"author":[{"embeddable":true,"href":"https:\/\/wildsaharamerzouga.com\/en\/wp-json\/wp\/v2\/users\/1"}],"replies":[{"embeddable":true,"href":"https:\/\/wildsaharamerzouga.com\/en\/wp-json\/wp\/v2\/comments?post=7603"}],"version-history":[{"count":6,"href":"https:\/\/wildsaharamerzouga.com\/en\/wp-json\/wp\/v2\/pages\/7603\/revisions"}],"predecessor-version":[{"id":9040,"href":"https:\/\/wildsaharamerzouga.com\/en\/wp-json\/wp\/v2\/pages\/7603\/revisions\/9040"}],"wp:attachment":[{"href":"https:\/\/wildsaharamerzouga.com\/en\/wp-json\/wp\/v2\/media?parent=7603"}],"curies":[{"name":"wp","href":"https:\/\/api.w.org\/{rel}","templated":true}]}}