{"id":7597,"date":"2026-02-20T18:13:47","date_gmt":"2026-02-20T18:13:47","guid":{"rendered":"https:\/\/wildsaharamerzouga.com\/?page_id=7597"},"modified":"2026-03-04T19:13:49","modified_gmt":"2026-03-04T19:13:49","slug":"fosiles-de-merzouga","status":"publish","type":"page","link":"https:\/\/wildsaharamerzouga.com\/es\/fosiles-de-merzouga\/","title":{"rendered":"F\u00f3siles de Merzouga"},"content":{"rendered":"\t\t<div data-elementor-type=\"wp-page\" data-elementor-id=\"7597\" class=\"elementor elementor-7597\">\n\t\t\t\t<div class=\"elementor-element elementor-element-369c9cd e-flex e-con-boxed e-con e-parent\" data-id=\"369c9cd\" data-element_type=\"container\" data-e-type=\"container\">\n\t\t\t\t\t<div class=\"e-con-inner\">\n\t\t\t\t<div class=\"elementor-element elementor-element-25af2c8 elementor-align-center subtitle-position-below elementor-widget elementor-widget-bexper-heading\" data-id=\"25af2c8\" data-element_type=\"widget\" data-e-type=\"widget\" data-widget_type=\"bexper-heading.default\">\n\t\t\t\t<div class=\"elementor-widget-container\">\n\t\t\t\t\t<div class=\"elementor-heading-wrapper-inner\"><h1 class=\"elementor-heading-title elementor-size-default\">F\u00f3siles de Merzouga<\/h1><div class=\"elementor-sub-title\">Cuando el desierto era agua<\/div><\/div>\t\t\t\t<\/div>\n\t\t\t\t<\/div>\n\t\t\t\t\t<\/div>\n\t\t\t\t<\/div>\n\t\t<div class=\"elementor-element elementor-element-53afac1 e-con-full e-flex e-con e-parent\" data-id=\"53afac1\" data-element_type=\"container\" data-e-type=\"container\">\n\t\t\t\t<div class=\"elementor-element elementor-element-2113a1e elementor-widget__width-initial elementor-widget-tablet_extra__width-initial elementor-widget-tablet__width-initial elementor-widget-mobile__width-initial elementor-widget elementor-widget-text-editor\" data-id=\"2113a1e\" data-element_type=\"widget\" data-e-type=\"widget\" data-widget_type=\"text-editor.default\">\n\t\t\t\t\t\t\t\t\t<p>Hace m\u00e1s de 500 millones de a\u00f1os, el lugar que hoy conocemos como desierto del Sahara estaba completamente sumergido bajo el mar. Por esta raz\u00f3n, encontrar <strong>f\u00f3siles en Merzouga<\/strong> es una experiencia m\u00e1gica, ya que aquellas aguas cristalinas albergaban una rica biodiversidad marina cuyos restos quedaron perfectamente preservados en las rocas sedimentarias.<\/p><h2 style=\"font-size: 24px; color: #662903; font-family: 'Oswald', sans-serif;\">\u00bfPor qu\u00e9 hay tantos f\u00f3siles en Merzouga?<\/h2><p>A tan solo 13 kil\u00f3metros de <a href=\"https:\/\/www.turismomarruecos.net\/destinos\/desierto-sahara\/erfoud\/\"><strong>Erfoud<\/strong><\/a>, en direcci\u00f3n a Merzouga, se encuentra uno de los principales yacimientos de f\u00f3siles marinos del mundo. En esta zona es posible encontrar trilobites, amonites, nautilus, orthoceras, dientes de tibur\u00f3n y minerales \u00fanicos como geodas y rosas del desierto. Incluso se han hallado meteoritos en plena inmensidad del desierto.<\/p><p>Los trilobites existieron durante m\u00e1s de 300 millones de a\u00f1os, desde el C\u00e1mbrico hasta el P\u00e9rmico. Sostener uno en la mano es sostener un trozo del antiguo oc\u00e9ano de Marruecos \u2014 una experiencia que combina perfectamente con una <strong><a href=\"\/nuestra-flota-buggies-merzouga\/\">ruta en buggy por el desierto<\/a><\/strong>.<\/p><p>Adem\u00e1s de los famosos trilobites, en las canteras es frecuente hallar ortoceras y amonites. Estos cefal\u00f3podos antiguos son f\u00e1cilmente reconocibles por sus formas espirales grabadas en la piedra negra. Por otro lado, la presencia de dientes de tibur\u00f3n prehist\u00f3rico demuestra que la vida aqu\u00ed era vibrante. En conclusi\u00f3n, recorrer estos parajes junto a un gu\u00eda experto es la mejor manera de entender la historia geol\u00f3gica de este lugar extraordinario.<\/p><p>Si quieres vivir esta aventura, no dudes en <strong><a href=\"\/contacto\/\">contactar con nosotros<\/a><\/strong> para organizar tu pr\u00f3xima expedici\u00f3n.<\/p>\t\t\t\t\t\t\t\t<\/div>\n\t\t\t\t<div class=\"elementor-element elementor-element-56c628b elementor-widget elementor-widget-image\" data-id=\"56c628b\" data-element_type=\"widget\" data-e-type=\"widget\" data-widget_type=\"image.default\">\n\t\t\t\t\t\t\t\t\t\t\t\t\t\t\t<img decoding=\"async\" src=\"https:\/\/wildsaharamerzouga.com\/wp-content\/uploads\/elementor\/thumbs\/fosiles-scaled-rjg0rlmh14it32yfhieuv5j4gxepjxncp3zje90wqo.jpg\" title=\"fosiles\" alt=\"F\u00f3siles en el desierto del Sahara en Merzouga\" loading=\"lazy\" \/>\t\t\t\t\t\t\t\t\t\t\t\t\t\t\t<\/div>\n\t\t\t\t<\/div>\n\t\t<div class=\"elementor-element elementor-element-c088f8b e-flex e-con-boxed e-con e-parent\" data-id=\"c088f8b\" data-element_type=\"container\" data-e-type=\"container\">\n\t\t\t\t\t<div class=\"e-con-inner\">\n\t\t\t\t\t<\/div>\n\t\t\t\t<\/div>\n\t\t<div class=\"elementor-element elementor-element-7dcb4ee e-flex e-con-boxed e-con e-parent\" data-id=\"7dcb4ee\" data-element_type=\"container\" data-e-type=\"container\" data-settings=\"{&quot;background_background&quot;:&quot;classic&quot;}\">\n\t\t\t\t\t<div class=\"e-con-inner\">\n\t\t\t\t<div class=\"elementor-element elementor-element-059b75f subtitle-position-above elementor-align-center elementor-widget elementor-widget-bexper-heading\" data-id=\"059b75f\" data-element_type=\"widget\" data-e-type=\"widget\" data-widget_type=\"bexper-heading.default\">\n\t\t\t\t<div class=\"elementor-widget-container\">\n\t\t\t\t\t<div class=\"elementor-heading-wrapper-inner\"><h2 class=\"elementor-heading-title elementor-size-default\">RESERVA TU EXPERIENCIA<\/h2><div class=\"elementor-sub-title\">\u00bfListo para vivirlo?<\/div><\/div>\t\t\t\t<\/div>\n\t\t\t\t<\/div>\n\t\t\t\t<div class=\"elementor-element elementor-element-6d7dd2a elementor-widget elementor-widget-text-editor\" data-id=\"6d7dd2a\" data-element_type=\"widget\" data-e-type=\"widget\" data-widget_type=\"text-editor.default\">\n\t\t\t\t\t\t\t\t\t<p>Escr\u00edbenos y te contamos todo. <br \/>Nuestro equipo est\u00e1 disponible para resolver cualquier duda y preparar tu aventura en el Sahara.<\/p>\t\t\t\t\t\t\t\t<\/div>\n\t\t<div class=\"elementor-element elementor-element-c513236 e-grid e-con-full e-con e-child\" data-id=\"c513236\" data-element_type=\"container\" data-e-type=\"container\">\n\t\t\t\t<div class=\"elementor-element elementor-element-0336359 elementor-button-success e-transform elementor-widget elementor-widget-button\" data-id=\"0336359\" data-element_type=\"widget\" data-e-type=\"widget\" data-settings=\"{&quot;_transform_scale_effect_hover&quot;:{&quot;unit&quot;:&quot;px&quot;,&quot;size&quot;:1.1,&quot;sizes&quot;:[]},&quot;_transform_scale_effect_hover_laptop&quot;:{&quot;unit&quot;:&quot;px&quot;,&quot;size&quot;:&quot;&quot;,&quot;sizes&quot;:[]},&quot;_transform_scale_effect_hover_tablet_extra&quot;:{&quot;unit&quot;:&quot;px&quot;,&quot;size&quot;:&quot;&quot;,&quot;sizes&quot;:[]},&quot;_transform_scale_effect_hover_tablet&quot;:{&quot;unit&quot;:&quot;px&quot;,&quot;size&quot;:&quot;&quot;,&quot;sizes&quot;:[]},&quot;_transform_scale_effect_hover_mobile_extra&quot;:{&quot;unit&quot;:&quot;px&quot;,&quot;size&quot;:&quot;&quot;,&quot;sizes&quot;:[]},&quot;_transform_scale_effect_hover_mobile&quot;:{&quot;unit&quot;:&quot;px&quot;,&quot;size&quot;:&quot;&quot;,&quot;sizes&quot;:[]}}\" data-widget_type=\"button.default\">\n\t\t\t\t\t\t\t\t\t\t<a class=\"elementor-button elementor-button-link elementor-size-sm\" href=\"https:\/\/wa.me\/34670434300?text=Hola%2C+me+gustar%C3%ADa+consultar+una+experiencia+en+Merzouga\">\n\t\t\t\t\t\t<span class=\"elementor-button-content-wrapper\">\n\t\t\t\t\t\t<span class=\"elementor-button-icon\">\n\t\t\t\t<svg aria-hidden=\"true\" class=\"e-font-icon-svg e-fab-whatsapp\" viewBox=\"0 0 448 512\" xmlns=\"http:\/\/www.w3.org\/2000\/svg\"><path d=\"M380.9 97.1C339 55.1 283.2 32 223.9 32c-122.4 0-222 99.6-222 222 0 39.1 10.2 77.3 29.6 111L0 480l117.7-30.9c32.4 17.7 68.9 27 106.1 27h.1c122.3 0 224.1-99.6 224.1-222 0-59.3-25.2-115-67.1-157zm-157 341.6c-33.2 0-65.7-8.9-94-25.7l-6.7-4-69.8 18.3L72 359.2l-4.4-7c-18.5-29.4-28.2-63.3-28.2-98.2 0-101.7 82.8-184.5 184.6-184.5 49.3 0 95.6 19.2 130.4 54.1 34.8 34.9 56.2 81.2 56.1 130.5 0 101.8-84.9 184.6-186.6 184.6zm101.2-138.2c-5.5-2.8-32.8-16.2-37.9-18-5.1-1.9-8.8-2.8-12.5 2.8-3.7 5.6-14.3 18-17.6 21.8-3.2 3.7-6.5 4.2-12 1.4-32.6-16.3-54-29.1-75.5-66-5.7-9.8 5.7-9.1 16.3-30.3 1.8-3.7.9-6.9-.5-9.7-1.4-2.8-12.5-30.1-17.1-41.2-4.5-10.8-9.1-9.3-12.5-9.5-3.2-.2-6.9-.2-10.6-.2-3.7 0-9.7 1.4-14.8 6.9-5.1 5.6-19.4 19-19.4 46.3 0 27.3 19.9 53.7 22.6 57.4 2.8 3.7 39.1 59.7 94.8 83.8 35.2 15.2 49 16.5 66.6 13.9 10.7-1.6 32.8-13.4 37.4-26.4 4.6-13 4.6-24.1 3.2-26.4-1.3-2.5-5-3.9-10.5-6.6z\"><\/path><\/svg>\t\t\t<\/span>\n\t\t\t\t\t\t\t\t\t<span class=\"elementor-button-text\">ESCR\u00cdBENOS POR WHATSAPP<\/span>\n\t\t\t\t\t<\/span>\n\t\t\t\t\t<\/a>\n\t\t\t\t\t\t\t\t<\/div>\n\t\t\t\t<div class=\"elementor-element elementor-element-e748de6 elementor-button-outline elementor-align-left elementor-widget elementor-widget-button\" data-id=\"e748de6\" data-element_type=\"widget\" data-e-type=\"widget\" data-widget_type=\"button.default\">\n\t\t\t\t\t\t\t\t\t\t<a class=\"elementor-button elementor-button-link elementor-size-sm\" href=\"tel:+34618630046\">\n\t\t\t\t\t\t<span class=\"elementor-button-content-wrapper\">\n\t\t\t\t\t\t<span class=\"elementor-button-icon\">\n\t\t\t\t<svg aria-hidden=\"true\" class=\"e-font-icon-svg e-fas-phone-alt\" viewBox=\"0 0 512 512\" xmlns=\"http:\/\/www.w3.org\/2000\/svg\"><path d=\"M497.39 361.8l-112-48a24 24 0 0 0-28 6.9l-49.6 60.6A370.66 370.66 0 0 1 130.6 204.11l60.6-49.6a23.94 23.94 0 0 0 6.9-28l-48-112A24.16 24.16 0 0 0 122.6.61l-104 24A24 24 0 0 0 0 48c0 256.5 207.9 464 464 464a24 24 0 0 0 23.4-18.6l24-104a24.29 24.29 0 0 0-14.01-27.6z\"><\/path><\/svg>\t\t\t<\/span>\n\t\t\t\t\t\t\t\t\t<span class=\"elementor-button-text\">+34 618 63 00 46<\/span>\n\t\t\t\t\t<\/span>\n\t\t\t\t\t<\/a>\n\t\t\t\t\t\t\t\t<\/div>\n\t\t\t\t<\/div>\n\t\t\t\t\t<\/div>\n\t\t\t\t<\/div>\n\t\t\t\t<\/div>\n\t\t","protected":false},"excerpt":{"rendered":"<p>F\u00f3siles de Merzouga Cuando el desierto era agua Hace m\u00e1s de 500 millones de a\u00f1os, el lugar que hoy conocemos como desierto del Sahara estaba completamente sumergido bajo el mar. Por esta raz\u00f3n, encontrar f\u00f3siles en Merzouga es una experiencia m\u00e1gica, ya que aquellas aguas cristalinas albergaban una rica biodiversidad marina cuyos restos quedaron perfectamente [&hellip;]<\/p>\n","protected":false},"author":1,"featured_media":0,"parent":0,"menu_order":0,"comment_status":"closed","ping_status":"closed","template":"","meta":{"inline_featured_image":false,"footnotes":""},"class_list":["post-7597","page","type-page","status-publish","hentry"],"yoast_head":"<!-- This site is optimized with the Yoast SEO plugin v27.3 - https:\/\/yoast.com\/product\/yoast-seo-wordpress\/ -->\n<title>F\u00f3siles de Merzouga: Un viaje al oc\u00e9ano del Sahara | Wild Sahara<\/title>\n<meta name=\"description\" content=\"Descubre los secretos del desierto: f\u00f3siles de trilobites y amonites en Merzouga. Vive una experiencia en el Sahara con Wild Sahara\" \/>\n<meta name=\"robots\" content=\"index, follow, max-snippet:-1, max-image-preview:large, max-video-preview:-1\" \/>\n<link rel=\"canonical\" href=\"https:\/\/wildsaharamerzouga.com\/es\/fosiles-de-merzouga\/\" \/>\n<meta property=\"og:locale\" content=\"es_ES\" \/>\n<meta property=\"og:type\" content=\"article\" \/>\n<meta property=\"og:title\" content=\"F\u00f3siles de Merzouga: Un viaje al oc\u00e9ano del Sahara | Wild Sahara\" \/>\n<meta property=\"og:description\" content=\"Descubre los secretos del desierto: f\u00f3siles de trilobites y amonites en Merzouga. Vive una experiencia en el Sahara con Wild Sahara\" \/>\n<meta property=\"og:url\" content=\"https:\/\/wildsaharamerzouga.com\/es\/fosiles-de-merzouga\/\" \/>\n<meta property=\"og:site_name\" content=\"Wild Sahara Merzouga\" \/>\n<meta property=\"article:publisher\" content=\"https:\/\/www.facebook.com\/profile.php?id=61587170723711\" \/>\n<meta property=\"article:modified_time\" content=\"2026-03-04T19:13:49+00:00\" \/>\n<meta property=\"og:image\" content=\"https:\/\/wildsaharamerzouga.com\/wp-content\/uploads\/elementor\/thumbs\/fosiles-scaled-rjg0rlmh14it32yfhieuv5j4gxepjxncp3zje90wqo.jpg\" \/>\n<meta name=\"twitter:card\" content=\"summary_large_image\" \/>\n<meta name=\"twitter:label1\" content=\"Tiempo de lectura\" \/>\n\t<meta name=\"twitter:data1\" content=\"2 minutos\" \/>\n<script type=\"application\/ld+json\" class=\"yoast-schema-graph\">{\"@context\":\"https:\\\/\\\/schema.org\",\"@graph\":[{\"@type\":\"WebPage\",\"@id\":\"https:\\\/\\\/wildsaharamerzouga.com\\\/fosiles-de-merzouga\\\/\",\"url\":\"https:\\\/\\\/wildsaharamerzouga.com\\\/fosiles-de-merzouga\\\/\",\"name\":\"F\u00f3siles de Merzouga: Un viaje al oc\u00e9ano del Sahara | Wild Sahara\",\"isPartOf\":{\"@id\":\"https:\\\/\\\/wildsaharamerzouga.com\\\/#website\"},\"primaryImageOfPage\":{\"@id\":\"https:\\\/\\\/wildsaharamerzouga.com\\\/fosiles-de-merzouga\\\/#primaryimage\"},\"image\":{\"@id\":\"https:\\\/\\\/wildsaharamerzouga.com\\\/fosiles-de-merzouga\\\/#primaryimage\"},\"thumbnailUrl\":\"https:\\\/\\\/wildsaharamerzouga.com\\\/wp-content\\\/uploads\\\/elementor\\\/thumbs\\\/fosiles-scaled-rjg0rlmh14it32yfhieuv5j4gxepjxncp3zje90wqo.jpg\",\"datePublished\":\"2026-02-20T18:13:47+00:00\",\"dateModified\":\"2026-03-04T19:13:49+00:00\",\"description\":\"Descubre los secretos del desierto: f\u00f3siles de trilobites y amonites en Merzouga. Vive una experiencia en el Sahara con Wild Sahara\",\"breadcrumb\":{\"@id\":\"https:\\\/\\\/wildsaharamerzouga.com\\\/fosiles-de-merzouga\\\/#breadcrumb\"},\"inLanguage\":\"es\",\"potentialAction\":[{\"@type\":\"ReadAction\",\"target\":[\"https:\\\/\\\/wildsaharamerzouga.com\\\/fosiles-de-merzouga\\\/\"]}]},{\"@type\":\"ImageObject\",\"inLanguage\":\"es\",\"@id\":\"https:\\\/\\\/wildsaharamerzouga.com\\\/fosiles-de-merzouga\\\/#primaryimage\",\"url\":\"https:\\\/\\\/wildsaharamerzouga.com\\\/wp-content\\\/uploads\\\/elementor\\\/thumbs\\\/fosiles-scaled-rjg0rlmh14it32yfhieuv5j4gxepjxncp3zje90wqo.jpg\",\"contentUrl\":\"https:\\\/\\\/wildsaharamerzouga.com\\\/wp-content\\\/uploads\\\/elementor\\\/thumbs\\\/fosiles-scaled-rjg0rlmh14it32yfhieuv5j4gxepjxncp3zje90wqo.jpg\"},{\"@type\":\"BreadcrumbList\",\"@id\":\"https:\\\/\\\/wildsaharamerzouga.com\\\/fosiles-de-merzouga\\\/#breadcrumb\",\"itemListElement\":[{\"@type\":\"ListItem\",\"position\":1,\"name\":\"Home\",\"item\":\"https:\\\/\\\/wildsaharamerzouga.com\\\/\"},{\"@type\":\"ListItem\",\"position\":2,\"name\":\"F\u00f3siles de Merzouga\"}]},{\"@type\":\"WebSite\",\"@id\":\"https:\\\/\\\/wildsaharamerzouga.com\\\/#website\",\"url\":\"https:\\\/\\\/wildsaharamerzouga.com\\\/\",\"name\":\"Wild Sahara Merzouga\",\"description\":\"Alquiler de Buggies por tours en Merzouga\",\"publisher\":{\"@id\":\"https:\\\/\\\/wildsaharamerzouga.com\\\/#organization\"},\"alternateName\":\"Buggy Wild Sahara Merzouga\",\"potentialAction\":[{\"@type\":\"SearchAction\",\"target\":{\"@type\":\"EntryPoint\",\"urlTemplate\":\"https:\\\/\\\/wildsaharamerzouga.com\\\/?s={search_term_string}\"},\"query-input\":{\"@type\":\"PropertyValueSpecification\",\"valueRequired\":true,\"valueName\":\"search_term_string\"}}],\"inLanguage\":\"es\"},{\"@type\":\"Organization\",\"@id\":\"https:\\\/\\\/wildsaharamerzouga.com\\\/#organization\",\"name\":\"Wild Sahara Merzouga\",\"alternateName\":\"Buggies Wild Sahara Merzouga\",\"url\":\"https:\\\/\\\/wildsaharamerzouga.com\\\/\",\"logo\":{\"@type\":\"ImageObject\",\"inLanguage\":\"es\",\"@id\":\"https:\\\/\\\/wildsaharamerzouga.com\\\/#\\\/schema\\\/logo\\\/image\\\/\",\"url\":\"https:\\\/\\\/wildsaharamerzouga.com\\\/wp-content\\\/uploads\\\/2026\\\/02\\\/cropped-logo3.png\",\"contentUrl\":\"https:\\\/\\\/wildsaharamerzouga.com\\\/wp-content\\\/uploads\\\/2026\\\/02\\\/cropped-logo3.png\",\"width\":512,\"height\":442,\"caption\":\"Wild Sahara Merzouga\"},\"image\":{\"@id\":\"https:\\\/\\\/wildsaharamerzouga.com\\\/#\\\/schema\\\/logo\\\/image\\\/\"},\"sameAs\":[\"https:\\\/\\\/www.facebook.com\\\/profile.php?id=61587170723711\",\"https:\\\/\\\/www.instagram.com\\\/wildsaharamerzouga\\\/\"]}]}<\/script>\n<!-- \/ Yoast SEO plugin. -->","yoast_head_json":{"title":"F\u00f3siles de Merzouga: Un viaje al oc\u00e9ano del Sahara | Wild Sahara","description":"Descubre los secretos del desierto: f\u00f3siles de trilobites y amonites en Merzouga. Vive una experiencia en el Sahara con Wild Sahara","robots":{"index":"index","follow":"follow","max-snippet":"max-snippet:-1","max-image-preview":"max-image-preview:large","max-video-preview":"max-video-preview:-1"},"canonical":"https:\/\/wildsaharamerzouga.com\/es\/fosiles-de-merzouga\/","og_locale":"es_ES","og_type":"article","og_title":"F\u00f3siles de Merzouga: Un viaje al oc\u00e9ano del Sahara | Wild Sahara","og_description":"Descubre los secretos del desierto: f\u00f3siles de trilobites y amonites en Merzouga. Vive una experiencia en el Sahara con Wild Sahara","og_url":"https:\/\/wildsaharamerzouga.com\/es\/fosiles-de-merzouga\/","og_site_name":"Wild Sahara Merzouga","article_publisher":"https:\/\/www.facebook.com\/profile.php?id=61587170723711","article_modified_time":"2026-03-04T19:13:49+00:00","og_image":[{"url":"https:\/\/wildsaharamerzouga.com\/wp-content\/uploads\/elementor\/thumbs\/fosiles-scaled-rjg0rlmh14it32yfhieuv5j4gxepjxncp3zje90wqo.jpg","type":"","width":"","height":""}],"twitter_card":"summary_large_image","twitter_misc":{"Tiempo de lectura":"2 minutos"},"schema":{"@context":"https:\/\/schema.org","@graph":[{"@type":"WebPage","@id":"https:\/\/wildsaharamerzouga.com\/fosiles-de-merzouga\/","url":"https:\/\/wildsaharamerzouga.com\/fosiles-de-merzouga\/","name":"F\u00f3siles de Merzouga: Un viaje al oc\u00e9ano del Sahara | Wild Sahara","isPartOf":{"@id":"https:\/\/wildsaharamerzouga.com\/#website"},"primaryImageOfPage":{"@id":"https:\/\/wildsaharamerzouga.com\/fosiles-de-merzouga\/#primaryimage"},"image":{"@id":"https:\/\/wildsaharamerzouga.com\/fosiles-de-merzouga\/#primaryimage"},"thumbnailUrl":"https:\/\/wildsaharamerzouga.com\/wp-content\/uploads\/elementor\/thumbs\/fosiles-scaled-rjg0rlmh14it32yfhieuv5j4gxepjxncp3zje90wqo.jpg","datePublished":"2026-02-20T18:13:47+00:00","dateModified":"2026-03-04T19:13:49+00:00","description":"Descubre los secretos del desierto: f\u00f3siles de trilobites y amonites en Merzouga. Vive una experiencia en el Sahara con Wild Sahara","breadcrumb":{"@id":"https:\/\/wildsaharamerzouga.com\/fosiles-de-merzouga\/#breadcrumb"},"inLanguage":"es","potentialAction":[{"@type":"ReadAction","target":["https:\/\/wildsaharamerzouga.com\/fosiles-de-merzouga\/"]}]},{"@type":"ImageObject","inLanguage":"es","@id":"https:\/\/wildsaharamerzouga.com\/fosiles-de-merzouga\/#primaryimage","url":"https:\/\/wildsaharamerzouga.com\/wp-content\/uploads\/elementor\/thumbs\/fosiles-scaled-rjg0rlmh14it32yfhieuv5j4gxepjxncp3zje90wqo.jpg","contentUrl":"https:\/\/wildsaharamerzouga.com\/wp-content\/uploads\/elementor\/thumbs\/fosiles-scaled-rjg0rlmh14it32yfhieuv5j4gxepjxncp3zje90wqo.jpg"},{"@type":"BreadcrumbList","@id":"https:\/\/wildsaharamerzouga.com\/fosiles-de-merzouga\/#breadcrumb","itemListElement":[{"@type":"ListItem","position":1,"name":"Home","item":"https:\/\/wildsaharamerzouga.com\/"},{"@type":"ListItem","position":2,"name":"F\u00f3siles de Merzouga"}]},{"@type":"WebSite","@id":"https:\/\/wildsaharamerzouga.com\/#website","url":"https:\/\/wildsaharamerzouga.com\/","name":"Wild Sahara Merzouga","description":"Alquiler de Buggies por tours en Merzouga","publisher":{"@id":"https:\/\/wildsaharamerzouga.com\/#organization"},"alternateName":"Buggy Wild Sahara Merzouga","potentialAction":[{"@type":"SearchAction","target":{"@type":"EntryPoint","urlTemplate":"https:\/\/wildsaharamerzouga.com\/?s={search_term_string}"},"query-input":{"@type":"PropertyValueSpecification","valueRequired":true,"valueName":"search_term_string"}}],"inLanguage":"es"},{"@type":"Organization","@id":"https:\/\/wildsaharamerzouga.com\/#organization","name":"Wild Sahara Merzouga","alternateName":"Buggies Wild Sahara Merzouga","url":"https:\/\/wildsaharamerzouga.com\/","logo":{"@type":"ImageObject","inLanguage":"es","@id":"https:\/\/wildsaharamerzouga.com\/#\/schema\/logo\/image\/","url":"https:\/\/wildsaharamerzouga.com\/wp-content\/uploads\/2026\/02\/cropped-logo3.png","contentUrl":"https:\/\/wildsaharamerzouga.com\/wp-content\/uploads\/2026\/02\/cropped-logo3.png","width":512,"height":442,"caption":"Wild Sahara Merzouga"},"image":{"@id":"https:\/\/wildsaharamerzouga.com\/#\/schema\/logo\/image\/"},"sameAs":["https:\/\/www.facebook.com\/profile.php?id=61587170723711","https:\/\/www.instagram.com\/wildsaharamerzouga\/"]}]}},"_links":{"self":[{"href":"https:\/\/wildsaharamerzouga.com\/es\/wp-json\/wp\/v2\/pages\/7597","targetHints":{"allow":["GET"]}}],"collection":[{"href":"https:\/\/wildsaharamerzouga.com\/es\/wp-json\/wp\/v2\/pages"}],"about":[{"href":"https:\/\/wildsaharamerzouga.com\/es\/wp-json\/wp\/v2\/types\/page"}],"author":[{"embeddable":true,"href":"https:\/\/wildsaharamerzouga.com\/es\/wp-json\/wp\/v2\/users\/1"}],"replies":[{"embeddable":true,"href":"https:\/\/wildsaharamerzouga.com\/es\/wp-json\/wp\/v2\/comments?post=7597"}],"version-history":[{"count":6,"href":"https:\/\/wildsaharamerzouga.com\/es\/wp-json\/wp\/v2\/pages\/7597\/revisions"}],"predecessor-version":[{"id":8976,"href":"https:\/\/wildsaharamerzouga.com\/es\/wp-json\/wp\/v2\/pages\/7597\/revisions\/8976"}],"wp:attachment":[{"href":"https:\/\/wildsaharamerzouga.com\/es\/wp-json\/wp\/v2\/media?parent=7597"}],"curies":[{"name":"wp","href":"https:\/\/api.w.org\/{rel}","templated":true}]}}