{"id":7599,"date":"2026-02-20T18:14:06","date_gmt":"2026-02-20T18:14:06","guid":{"rendered":"https:\/\/wildsaharamerzouga.com\/?page_id=7599"},"modified":"2026-03-04T19:13:31","modified_gmt":"2026-03-04T19:13:31","slug":"campamento-en-merzouga","status":"publish","type":"page","link":"https:\/\/wildsaharamerzouga.com\/es\/campamento-en-merzouga\/","title":{"rendered":"Campamento N\u00f3mada"},"content":{"rendered":"\t\t<div data-elementor-type=\"wp-page\" data-elementor-id=\"7599\" class=\"elementor elementor-7599\">\n\t\t\t\t<div class=\"elementor-element elementor-element-c6289d4 e-con-full e-flex e-con e-parent\" data-id=\"c6289d4\" data-element_type=\"container\" data-e-type=\"container\">\n\t\t\t\t<div class=\"elementor-element elementor-element-6914ab4 elementor-align-center subtitle-position-below elementor-widget elementor-widget-bexper-heading\" data-id=\"6914ab4\" data-element_type=\"widget\" data-e-type=\"widget\" data-widget_type=\"bexper-heading.default\">\n\t\t\t\t<div class=\"elementor-widget-container\">\n\t\t\t\t\t<div class=\"elementor-heading-wrapper-inner\"><h1 class=\"elementor-heading-title elementor-size-default\">Campamento N\u00f3mada\n<\/h1><div class=\"elementor-sub-title\">Una experiencia nueva en el Sahara<\/div><\/div>\t\t\t\t<\/div>\n\t\t\t\t<\/div>\n\t\t\t\t<\/div>\n\t\t<div class=\"elementor-element elementor-element-73531f8 e-con-full e-flex e-con e-parent\" data-id=\"73531f8\" data-element_type=\"container\" data-e-type=\"container\">\n\t\t\t\t<div class=\"elementor-element elementor-element-4b17dfad elementor-widget__width-initial elementor-widget-tablet_extra__width-initial elementor-widget elementor-widget-text-editor\" data-id=\"4b17dfad\" data-element_type=\"widget\" data-e-type=\"widget\" data-widget_type=\"text-editor.default\">\n\t\t\t\t\t\t\t\t\t<p>Visitar nuestro <b data-path-to-node=\"5,0\" data-index-in-node=\"17\">campamento en Merzouga<\/b> es la mejor forma de sumergirse en la cultura del Sahara durante tu viaje. Por esta raz\u00f3n, hemos dise\u00f1ado un espacio donde la tradici\u00f3n bereber y la hospitalidad se unen para ofrecerte un descanso aut\u00e9ntico tras tu ruta en buggy por las dunas de Erg Chebbi.<br \/>La experiencia en el <b data-path-to-node=\"10,0\" data-index-in-node=\"22\">campamento en Merzouga<\/b> no estar\u00eda completa sin saborear la gastronom\u00eda local. Adem\u00e1s de nuestro famoso t\u00e9 de bienvenida, ofrecemos almuerzos tradicionales preparados con productos de la zona, como el tajine bereber o el cusc\u00fas artesanal. Comer bajo la sombra de nuestras jaimas, sintiendo la brisa del desierto, es un placer que conecta todos los sentidos. En conclusi\u00f3n, buscamos que cada visitante se lleve un recuerdo imborrable no solo de los paisajes, sino tambi\u00e9n de los sabores del sur de Marruecos.<\/p><h2 style=\"font-size: 24px; color: #662903; font-family: 'Oswald', sans-serif;\">Tu parada en el campamento en Merzouga: Cultura y Ocio<\/h2><p>Esta experiencia te permite conocer las costumbres de los <a href=\"https:\/\/es.wikipedia.org\/wiki\/Bereberes\">pueblos bereberes<\/a> sin necesidad de pasar la noche.<br \/>Adem\u00e1s, podr\u00e1s escuchar los ritmos de la <a href=\"https:\/\/es.wikipedia.org\/wiki\/M%C3%BAsica_gnawa\"><strong>m\u00fasica gnawa<\/strong><\/a> y ver de cerca la artesan\u00eda local. Por otro lado, si sientes que la magia del Sahara te atrapa, siempre tienes la opci\u00f3n de reservar una noche bajo las estrellas para completar tu aventura.<\/p><p>Muchos de nuestros clientes eligen combinar esta visita con nuestras <strong><a href=\"\/nuestra-flota-buggies-merzouga\/\">excursiones en buggy<\/a><\/strong>, haciendo una parada estrat\u00e9gica para almorzar comida tradicional. En conclusi\u00f3n, ya sea una visita de una hora o una estancia completa, el campamento es una parada obligatoria.<\/p><p>Si tienes alguna duda sobre las rutas diurnas, revisa nuestras <a href=\"\/preguntas-frecuentes-merzouga\/\">preguntas frecuentes<\/a> o env\u00edanos un mensaje directo por <span style=\"text-decoration: underline;\"><a href=\"\/contacto\/\">nuestro formulario de contacto<\/a><\/span>.<\/p>\t\t\t\t\t\t\t\t<\/div>\n\t\t\t\t<div class=\"elementor-element elementor-element-73dd322a elementor-widget elementor-widget-image\" data-id=\"73dd322a\" data-element_type=\"widget\" data-e-type=\"widget\" data-widget_type=\"image.default\">\n\t\t\t\t\t\t\t\t\t\t\t\t\t\t\t<img decoding=\"async\" src=\"https:\/\/wildsaharamerzouga.com\/wp-content\/uploads\/elementor\/thumbs\/campamento-scaled-rjg0w3anuuh6wpiuh1npccjuw9qapao0iwkdp9dvg0.jpg\" title=\"campamento\" alt=\"Campamento n\u00f3mada bereber en el desierto del Sahara\" loading=\"lazy\" \/>\t\t\t\t\t\t\t\t\t\t\t\t\t\t\t<\/div>\n\t\t\t\t<\/div>\n\t\t<div class=\"elementor-element elementor-element-1cb37fc e-flex e-con-boxed e-con e-parent\" data-id=\"1cb37fc\" data-element_type=\"container\" data-e-type=\"container\" data-settings=\"{&quot;background_background&quot;:&quot;classic&quot;}\">\n\t\t\t\t\t<div class=\"e-con-inner\">\n\t\t\t\t<div class=\"elementor-element elementor-element-741c4a6d subtitle-position-above elementor-align-center elementor-widget elementor-widget-bexper-heading\" data-id=\"741c4a6d\" data-element_type=\"widget\" data-e-type=\"widget\" data-widget_type=\"bexper-heading.default\">\n\t\t\t\t<div class=\"elementor-widget-container\">\n\t\t\t\t\t<div class=\"elementor-heading-wrapper-inner\"><h2 class=\"elementor-heading-title elementor-size-default\">RESERVA TU EXPERIENCIA<\/h2><div class=\"elementor-sub-title\">\u00bfListo para vivirlo?<\/div><\/div>\t\t\t\t<\/div>\n\t\t\t\t<\/div>\n\t\t\t\t<div class=\"elementor-element elementor-element-4c3a4c5f elementor-widget elementor-widget-text-editor\" data-id=\"4c3a4c5f\" data-element_type=\"widget\" data-e-type=\"widget\" data-widget_type=\"text-editor.default\">\n\t\t\t\t\t\t\t\t\t<p>Escr\u00edbenos y te contamos todo. <br \/>Nuestro equipo est\u00e1 disponible para resolver cualquier duda y preparar tu aventura en el Sahara.<\/p>\t\t\t\t\t\t\t\t<\/div>\n\t\t<div class=\"elementor-element elementor-element-6ea700d2 e-grid e-con-full e-con e-child\" data-id=\"6ea700d2\" data-element_type=\"container\" data-e-type=\"container\">\n\t\t\t\t<div class=\"elementor-element elementor-element-78bdc1db elementor-button-success e-transform elementor-widget elementor-widget-button\" data-id=\"78bdc1db\" data-element_type=\"widget\" data-e-type=\"widget\" data-settings=\"{&quot;_transform_scale_effect_hover&quot;:{&quot;unit&quot;:&quot;px&quot;,&quot;size&quot;:1.1,&quot;sizes&quot;:[]},&quot;_transform_scale_effect_hover_laptop&quot;:{&quot;unit&quot;:&quot;px&quot;,&quot;size&quot;:&quot;&quot;,&quot;sizes&quot;:[]},&quot;_transform_scale_effect_hover_tablet_extra&quot;:{&quot;unit&quot;:&quot;px&quot;,&quot;size&quot;:&quot;&quot;,&quot;sizes&quot;:[]},&quot;_transform_scale_effect_hover_tablet&quot;:{&quot;unit&quot;:&quot;px&quot;,&quot;size&quot;:&quot;&quot;,&quot;sizes&quot;:[]},&quot;_transform_scale_effect_hover_mobile_extra&quot;:{&quot;unit&quot;:&quot;px&quot;,&quot;size&quot;:&quot;&quot;,&quot;sizes&quot;:[]},&quot;_transform_scale_effect_hover_mobile&quot;:{&quot;unit&quot;:&quot;px&quot;,&quot;size&quot;:&quot;&quot;,&quot;sizes&quot;:[]}}\" data-widget_type=\"button.default\">\n\t\t\t\t\t\t\t\t\t\t<a class=\"elementor-button elementor-button-link elementor-size-sm\" href=\"https:\/\/wa.me\/34670434300?text=Hola%2C+me+gustar%C3%ADa+consultar+una+experiencia+en+Merzouga\">\n\t\t\t\t\t\t<span class=\"elementor-button-content-wrapper\">\n\t\t\t\t\t\t<span class=\"elementor-button-icon\">\n\t\t\t\t<svg aria-hidden=\"true\" class=\"e-font-icon-svg e-fab-whatsapp\" viewBox=\"0 0 448 512\" xmlns=\"http:\/\/www.w3.org\/2000\/svg\"><path d=\"M380.9 97.1C339 55.1 283.2 32 223.9 32c-122.4 0-222 99.6-222 222 0 39.1 10.2 77.3 29.6 111L0 480l117.7-30.9c32.4 17.7 68.9 27 106.1 27h.1c122.3 0 224.1-99.6 224.1-222 0-59.3-25.2-115-67.1-157zm-157 341.6c-33.2 0-65.7-8.9-94-25.7l-6.7-4-69.8 18.3L72 359.2l-4.4-7c-18.5-29.4-28.2-63.3-28.2-98.2 0-101.7 82.8-184.5 184.6-184.5 49.3 0 95.6 19.2 130.4 54.1 34.8 34.9 56.2 81.2 56.1 130.5 0 101.8-84.9 184.6-186.6 184.6zm101.2-138.2c-5.5-2.8-32.8-16.2-37.9-18-5.1-1.9-8.8-2.8-12.5 2.8-3.7 5.6-14.3 18-17.6 21.8-3.2 3.7-6.5 4.2-12 1.4-32.6-16.3-54-29.1-75.5-66-5.7-9.8 5.7-9.1 16.3-30.3 1.8-3.7.9-6.9-.5-9.7-1.4-2.8-12.5-30.1-17.1-41.2-4.5-10.8-9.1-9.3-12.5-9.5-3.2-.2-6.9-.2-10.6-.2-3.7 0-9.7 1.4-14.8 6.9-5.1 5.6-19.4 19-19.4 46.3 0 27.3 19.9 53.7 22.6 57.4 2.8 3.7 39.1 59.7 94.8 83.8 35.2 15.2 49 16.5 66.6 13.9 10.7-1.6 32.8-13.4 37.4-26.4 4.6-13 4.6-24.1 3.2-26.4-1.3-2.5-5-3.9-10.5-6.6z\"><\/path><\/svg>\t\t\t<\/span>\n\t\t\t\t\t\t\t\t\t<span class=\"elementor-button-text\">ESCR\u00cdBENOS POR WHATSAPP<\/span>\n\t\t\t\t\t<\/span>\n\t\t\t\t\t<\/a>\n\t\t\t\t\t\t\t\t<\/div>\n\t\t\t\t<div class=\"elementor-element elementor-element-19ec1406 elementor-button-outline elementor-align-left elementor-widget elementor-widget-button\" data-id=\"19ec1406\" data-element_type=\"widget\" data-e-type=\"widget\" data-widget_type=\"button.default\">\n\t\t\t\t\t\t\t\t\t\t<a class=\"elementor-button elementor-button-link elementor-size-sm\" href=\"tel:+34618630046\">\n\t\t\t\t\t\t<span class=\"elementor-button-content-wrapper\">\n\t\t\t\t\t\t<span class=\"elementor-button-icon\">\n\t\t\t\t<i aria-hidden=\"true\" class=\"bexper-icon- bexper-icon-phone-call\"><\/i>\t\t\t<\/span>\n\t\t\t\t\t\t\t\t\t<span class=\"elementor-button-text\">+34 618 63 00 46<\/span>\n\t\t\t\t\t<\/span>\n\t\t\t\t\t<\/a>\n\t\t\t\t\t\t\t\t<\/div>\n\t\t\t\t<\/div>\n\t\t\t\t\t<\/div>\n\t\t\t\t<\/div>\n\t\t\t\t<\/div>\n\t\t","protected":false},"excerpt":{"rendered":"<p>Campamento N\u00f3mada Una experiencia nueva en el Sahara Visitar nuestro campamento en Merzouga es la mejor forma de sumergirse en la cultura del Sahara durante tu viaje. Por esta raz\u00f3n, hemos dise\u00f1ado un espacio donde la tradici\u00f3n bereber y la hospitalidad se unen para ofrecerte un descanso aut\u00e9ntico tras tu ruta en buggy por las [&hellip;]<\/p>\n","protected":false},"author":1,"featured_media":0,"parent":0,"menu_order":0,"comment_status":"closed","ping_status":"closed","template":"","meta":{"inline_featured_image":false,"footnotes":""},"class_list":["post-7599","page","type-page","status-publish","hentry"],"yoast_head":"<!-- This site is optimized with the Yoast SEO plugin v27.3 - https:\/\/yoast.com\/product\/yoast-seo-wordpress\/ -->\n<title>Campamento en Merzouga: Noche bajo las estrellas | Wild Sahara<\/title>\n<meta name=\"description\" content=\"Campamento en Merzouga: vive la cultura bereber, m\u00fasica gnawa y la opci\u00f3n de dormir bajo las estrellas del Sahara con Wild Sahara.\" \/>\n<meta name=\"robots\" content=\"index, follow, max-snippet:-1, max-image-preview:large, max-video-preview:-1\" \/>\n<link rel=\"canonical\" href=\"https:\/\/wildsaharamerzouga.com\/es\/campamento-en-merzouga\/\" \/>\n<meta property=\"og:locale\" content=\"es_ES\" \/>\n<meta property=\"og:type\" content=\"article\" \/>\n<meta property=\"og:title\" content=\"Campamento en Merzouga: Noche bajo las estrellas | Wild Sahara\" \/>\n<meta property=\"og:description\" content=\"Campamento en Merzouga: vive la cultura bereber, m\u00fasica gnawa y la opci\u00f3n de dormir bajo las estrellas del Sahara con Wild Sahara.\" \/>\n<meta property=\"og:url\" content=\"https:\/\/wildsaharamerzouga.com\/es\/campamento-en-merzouga\/\" \/>\n<meta property=\"og:site_name\" content=\"Wild Sahara Merzouga\" \/>\n<meta property=\"article:publisher\" content=\"https:\/\/www.facebook.com\/profile.php?id=61587170723711\" \/>\n<meta property=\"article:modified_time\" content=\"2026-03-04T19:13:31+00:00\" \/>\n<meta property=\"og:image\" content=\"https:\/\/wildsaharamerzouga.com\/wp-content\/uploads\/elementor\/thumbs\/campamento-scaled-rjg0w3anuuh6wpiuh1npccjuw9qapao0iwkdp9dvg0.jpg\" \/>\n<meta name=\"twitter:card\" content=\"summary_large_image\" \/>\n<meta name=\"twitter:label1\" content=\"Tiempo de lectura\" \/>\n\t<meta name=\"twitter:data1\" content=\"2 minutos\" \/>\n<script type=\"application\/ld+json\" class=\"yoast-schema-graph\">{\"@context\":\"https:\\\/\\\/schema.org\",\"@graph\":[{\"@type\":\"WebPage\",\"@id\":\"https:\\\/\\\/wildsaharamerzouga.com\\\/campamento-en-merzouga\\\/\",\"url\":\"https:\\\/\\\/wildsaharamerzouga.com\\\/campamento-en-merzouga\\\/\",\"name\":\"Campamento en Merzouga: Noche bajo las estrellas | Wild Sahara\",\"isPartOf\":{\"@id\":\"https:\\\/\\\/wildsaharamerzouga.com\\\/#website\"},\"primaryImageOfPage\":{\"@id\":\"https:\\\/\\\/wildsaharamerzouga.com\\\/campamento-en-merzouga\\\/#primaryimage\"},\"image\":{\"@id\":\"https:\\\/\\\/wildsaharamerzouga.com\\\/campamento-en-merzouga\\\/#primaryimage\"},\"thumbnailUrl\":\"https:\\\/\\\/wildsaharamerzouga.com\\\/wp-content\\\/uploads\\\/elementor\\\/thumbs\\\/campamento-scaled-rjg0w3anuuh6wpiuh1npccjuw9qapao0iwkdp9dvg0.jpg\",\"datePublished\":\"2026-02-20T18:14:06+00:00\",\"dateModified\":\"2026-03-04T19:13:31+00:00\",\"description\":\"Campamento en Merzouga: vive la cultura bereber, m\u00fasica gnawa y la opci\u00f3n de dormir bajo las estrellas del Sahara con Wild Sahara.\",\"breadcrumb\":{\"@id\":\"https:\\\/\\\/wildsaharamerzouga.com\\\/campamento-en-merzouga\\\/#breadcrumb\"},\"inLanguage\":\"es\",\"potentialAction\":[{\"@type\":\"ReadAction\",\"target\":[\"https:\\\/\\\/wildsaharamerzouga.com\\\/campamento-en-merzouga\\\/\"]}]},{\"@type\":\"ImageObject\",\"inLanguage\":\"es\",\"@id\":\"https:\\\/\\\/wildsaharamerzouga.com\\\/campamento-en-merzouga\\\/#primaryimage\",\"url\":\"https:\\\/\\\/wildsaharamerzouga.com\\\/wp-content\\\/uploads\\\/elementor\\\/thumbs\\\/campamento-scaled-rjg0w3anuuh6wpiuh1npccjuw9qapao0iwkdp9dvg0.jpg\",\"contentUrl\":\"https:\\\/\\\/wildsaharamerzouga.com\\\/wp-content\\\/uploads\\\/elementor\\\/thumbs\\\/campamento-scaled-rjg0w3anuuh6wpiuh1npccjuw9qapao0iwkdp9dvg0.jpg\"},{\"@type\":\"BreadcrumbList\",\"@id\":\"https:\\\/\\\/wildsaharamerzouga.com\\\/campamento-en-merzouga\\\/#breadcrumb\",\"itemListElement\":[{\"@type\":\"ListItem\",\"position\":1,\"name\":\"Home\",\"item\":\"https:\\\/\\\/wildsaharamerzouga.com\\\/\"},{\"@type\":\"ListItem\",\"position\":2,\"name\":\"Campamento N\u00f3mada\"}]},{\"@type\":\"WebSite\",\"@id\":\"https:\\\/\\\/wildsaharamerzouga.com\\\/#website\",\"url\":\"https:\\\/\\\/wildsaharamerzouga.com\\\/\",\"name\":\"Wild Sahara Merzouga\",\"description\":\"Alquiler de Buggies por tours en Merzouga\",\"publisher\":{\"@id\":\"https:\\\/\\\/wildsaharamerzouga.com\\\/#organization\"},\"alternateName\":\"Buggy Wild Sahara Merzouga\",\"potentialAction\":[{\"@type\":\"SearchAction\",\"target\":{\"@type\":\"EntryPoint\",\"urlTemplate\":\"https:\\\/\\\/wildsaharamerzouga.com\\\/?s={search_term_string}\"},\"query-input\":{\"@type\":\"PropertyValueSpecification\",\"valueRequired\":true,\"valueName\":\"search_term_string\"}}],\"inLanguage\":\"es\"},{\"@type\":\"Organization\",\"@id\":\"https:\\\/\\\/wildsaharamerzouga.com\\\/#organization\",\"name\":\"Wild Sahara Merzouga\",\"alternateName\":\"Buggies Wild Sahara Merzouga\",\"url\":\"https:\\\/\\\/wildsaharamerzouga.com\\\/\",\"logo\":{\"@type\":\"ImageObject\",\"inLanguage\":\"es\",\"@id\":\"https:\\\/\\\/wildsaharamerzouga.com\\\/#\\\/schema\\\/logo\\\/image\\\/\",\"url\":\"https:\\\/\\\/wildsaharamerzouga.com\\\/wp-content\\\/uploads\\\/2026\\\/02\\\/cropped-logo3.png\",\"contentUrl\":\"https:\\\/\\\/wildsaharamerzouga.com\\\/wp-content\\\/uploads\\\/2026\\\/02\\\/cropped-logo3.png\",\"width\":512,\"height\":442,\"caption\":\"Wild Sahara Merzouga\"},\"image\":{\"@id\":\"https:\\\/\\\/wildsaharamerzouga.com\\\/#\\\/schema\\\/logo\\\/image\\\/\"},\"sameAs\":[\"https:\\\/\\\/www.facebook.com\\\/profile.php?id=61587170723711\",\"https:\\\/\\\/www.instagram.com\\\/wildsaharamerzouga\\\/\"]}]}<\/script>\n<!-- \/ Yoast SEO plugin. -->","yoast_head_json":{"title":"Campamento en Merzouga: Noche bajo las estrellas | Wild Sahara","description":"Campamento en Merzouga: vive la cultura bereber, m\u00fasica gnawa y la opci\u00f3n de dormir bajo las estrellas del Sahara con Wild Sahara.","robots":{"index":"index","follow":"follow","max-snippet":"max-snippet:-1","max-image-preview":"max-image-preview:large","max-video-preview":"max-video-preview:-1"},"canonical":"https:\/\/wildsaharamerzouga.com\/es\/campamento-en-merzouga\/","og_locale":"es_ES","og_type":"article","og_title":"Campamento en Merzouga: Noche bajo las estrellas | Wild Sahara","og_description":"Campamento en Merzouga: vive la cultura bereber, m\u00fasica gnawa y la opci\u00f3n de dormir bajo las estrellas del Sahara con Wild Sahara.","og_url":"https:\/\/wildsaharamerzouga.com\/es\/campamento-en-merzouga\/","og_site_name":"Wild Sahara Merzouga","article_publisher":"https:\/\/www.facebook.com\/profile.php?id=61587170723711","article_modified_time":"2026-03-04T19:13:31+00:00","og_image":[{"url":"https:\/\/wildsaharamerzouga.com\/wp-content\/uploads\/elementor\/thumbs\/campamento-scaled-rjg0w3anuuh6wpiuh1npccjuw9qapao0iwkdp9dvg0.jpg","type":"","width":"","height":""}],"twitter_card":"summary_large_image","twitter_misc":{"Tiempo de lectura":"2 minutos"},"schema":{"@context":"https:\/\/schema.org","@graph":[{"@type":"WebPage","@id":"https:\/\/wildsaharamerzouga.com\/campamento-en-merzouga\/","url":"https:\/\/wildsaharamerzouga.com\/campamento-en-merzouga\/","name":"Campamento en Merzouga: Noche bajo las estrellas | Wild Sahara","isPartOf":{"@id":"https:\/\/wildsaharamerzouga.com\/#website"},"primaryImageOfPage":{"@id":"https:\/\/wildsaharamerzouga.com\/campamento-en-merzouga\/#primaryimage"},"image":{"@id":"https:\/\/wildsaharamerzouga.com\/campamento-en-merzouga\/#primaryimage"},"thumbnailUrl":"https:\/\/wildsaharamerzouga.com\/wp-content\/uploads\/elementor\/thumbs\/campamento-scaled-rjg0w3anuuh6wpiuh1npccjuw9qapao0iwkdp9dvg0.jpg","datePublished":"2026-02-20T18:14:06+00:00","dateModified":"2026-03-04T19:13:31+00:00","description":"Campamento en Merzouga: vive la cultura bereber, m\u00fasica gnawa y la opci\u00f3n de dormir bajo las estrellas del Sahara con Wild Sahara.","breadcrumb":{"@id":"https:\/\/wildsaharamerzouga.com\/campamento-en-merzouga\/#breadcrumb"},"inLanguage":"es","potentialAction":[{"@type":"ReadAction","target":["https:\/\/wildsaharamerzouga.com\/campamento-en-merzouga\/"]}]},{"@type":"ImageObject","inLanguage":"es","@id":"https:\/\/wildsaharamerzouga.com\/campamento-en-merzouga\/#primaryimage","url":"https:\/\/wildsaharamerzouga.com\/wp-content\/uploads\/elementor\/thumbs\/campamento-scaled-rjg0w3anuuh6wpiuh1npccjuw9qapao0iwkdp9dvg0.jpg","contentUrl":"https:\/\/wildsaharamerzouga.com\/wp-content\/uploads\/elementor\/thumbs\/campamento-scaled-rjg0w3anuuh6wpiuh1npccjuw9qapao0iwkdp9dvg0.jpg"},{"@type":"BreadcrumbList","@id":"https:\/\/wildsaharamerzouga.com\/campamento-en-merzouga\/#breadcrumb","itemListElement":[{"@type":"ListItem","position":1,"name":"Home","item":"https:\/\/wildsaharamerzouga.com\/"},{"@type":"ListItem","position":2,"name":"Campamento N\u00f3mada"}]},{"@type":"WebSite","@id":"https:\/\/wildsaharamerzouga.com\/#website","url":"https:\/\/wildsaharamerzouga.com\/","name":"Wild Sahara Merzouga","description":"Alquiler de Buggies por tours en Merzouga","publisher":{"@id":"https:\/\/wildsaharamerzouga.com\/#organization"},"alternateName":"Buggy Wild Sahara Merzouga","potentialAction":[{"@type":"SearchAction","target":{"@type":"EntryPoint","urlTemplate":"https:\/\/wildsaharamerzouga.com\/?s={search_term_string}"},"query-input":{"@type":"PropertyValueSpecification","valueRequired":true,"valueName":"search_term_string"}}],"inLanguage":"es"},{"@type":"Organization","@id":"https:\/\/wildsaharamerzouga.com\/#organization","name":"Wild Sahara Merzouga","alternateName":"Buggies Wild Sahara Merzouga","url":"https:\/\/wildsaharamerzouga.com\/","logo":{"@type":"ImageObject","inLanguage":"es","@id":"https:\/\/wildsaharamerzouga.com\/#\/schema\/logo\/image\/","url":"https:\/\/wildsaharamerzouga.com\/wp-content\/uploads\/2026\/02\/cropped-logo3.png","contentUrl":"https:\/\/wildsaharamerzouga.com\/wp-content\/uploads\/2026\/02\/cropped-logo3.png","width":512,"height":442,"caption":"Wild Sahara Merzouga"},"image":{"@id":"https:\/\/wildsaharamerzouga.com\/#\/schema\/logo\/image\/"},"sameAs":["https:\/\/www.facebook.com\/profile.php?id=61587170723711","https:\/\/www.instagram.com\/wildsaharamerzouga\/"]}]}},"_links":{"self":[{"href":"https:\/\/wildsaharamerzouga.com\/es\/wp-json\/wp\/v2\/pages\/7599","targetHints":{"allow":["GET"]}}],"collection":[{"href":"https:\/\/wildsaharamerzouga.com\/es\/wp-json\/wp\/v2\/pages"}],"about":[{"href":"https:\/\/wildsaharamerzouga.com\/es\/wp-json\/wp\/v2\/types\/page"}],"author":[{"embeddable":true,"href":"https:\/\/wildsaharamerzouga.com\/es\/wp-json\/wp\/v2\/users\/1"}],"replies":[{"embeddable":true,"href":"https:\/\/wildsaharamerzouga.com\/es\/wp-json\/wp\/v2\/comments?post=7599"}],"version-history":[{"count":6,"href":"https:\/\/wildsaharamerzouga.com\/es\/wp-json\/wp\/v2\/pages\/7599\/revisions"}],"predecessor-version":[{"id":8974,"href":"https:\/\/wildsaharamerzouga.com\/es\/wp-json\/wp\/v2\/pages\/7599\/revisions\/8974"}],"wp:attachment":[{"href":"https:\/\/wildsaharamerzouga.com\/es\/wp-json\/wp\/v2\/media?parent=7599"}],"curies":[{"name":"wp","href":"https:\/\/api.w.org\/{rel}","templated":true}]}}